{"id":10770,"date":"2021-03-01T03:47:02","date_gmt":"2021-03-01T00:47:02","guid":{"rendered":"https:\/\/karmadendotcom.wpcomstaging.com\/black-white-marble-bianco-pineta\/"},"modified":"2021-03-29T11:15:22","modified_gmt":"2021-03-29T08:15:22","slug":"siyah-beyaz-mermer-bianco-pineta","status":"publish","type":"page","link":"https:\/\/karmaden.com\/tr\/siyah-beyaz-mermer-bianco-pineta\/","title":{"rendered":"Siyah Beyaz Mermer: Bianco Pineta"},"content":{"rendered":"<p>[vc_row css=&#8221;.vc_custom_1617005529267{padding-top: 64px !important;}&#8221;][vc_column][vc_masonry_media_grid style=&#8221;lazy&#8221; grid_id=&#8221;vc_gid:1617005682305-4e9bf4ef-9b5b-0&#8243; include=&#8221;8736,8734,8732,8730,8728,8726&#8243;][\/vc_column][\/vc_row][vc_row][vc_column]\n  <h2 class= \"title\" style=\"font-size: 22px;text-align: left;font-weight: 400;\" > Bianco Pineta<\/h2> \n\n[vc_column_text css_animation=&#8221;none&#8221;]Siyah beyaz mermer kullanarak ya\u015fam alan\u0131n\u0131z\u0131 daha konforlu bir noktaya ta\u015f\u0131yabilece\u011finizi biliyor muydunuz? Mermerin kalitesini fazlas\u0131yla hissetmek ve g\u00f6rsel kusursuzlu\u011fu ya\u015famak ad\u0131na yapman\u0131z gereken tek \u015fey size \u00f6zel \u00e7\u00f6z\u00fcmler i\u00e7in Kar Maden avantajlar\u0131na bir g\u00f6z atmak olacak! Kar Maden kalite, g\u00fcven ve g\u00f6steri\u015flilik sa\u011flayan se\u00e7enekleriyle hayat\u0131n\u0131za yeni renkler katar!<\/p>\n<p>Mermer, insan ya\u015fam\u0131n\u0131n farkl\u0131 alanlar\u0131nda kullan\u0131labilen ve bu y\u00f6n\u00fcyle olduk\u00e7a i\u015flevsel se\u00e7eneklerden bir tanesidir. Siyah beyaz mermerin g\u00f6rsel a\u00e7\u0131dan kusursuz olmas\u0131 kadar i\u015flevsel anlamda da de\u011ferli se\u00e7enekler sundu\u011fundan s\u00f6z etmek gerekir. E\u011fer siz de farkl\u0131 mermer \u00e7e\u015fitlerinden yararlanmak istiyorsan\u0131z kesinlikle Kar Maden\u2019in Bianco Pineta ayr\u0131cal\u0131klar\u0131na bir g\u00f6z atmal\u0131s\u0131n\u0131z![\/vc_column_text][\/vc_column][\/vc_row][vc_row][vc_column]\n  <h2 class= \"title\" style=\"font-size: 22px;text-align: left;font-weight: 400;\" > Siyah Beyaz Mermer Tasar\u0131m<\/h2> \n\n[vc_column_text]Siyah Beyaz Mermerin modern ve l\u00fcks g\u00f6r\u00fcn\u00fcm\u00fcn\u00fc kullanarak i\u00e7 ve d\u0131\u015f mekanlar\u0131n\u0131za tarz kat\u0131n. Bu anlamda mermer kullanmak renk, desen, p\u00fcr\u00fczs\u00fczl\u00fck ve di\u011fer b\u00fct\u00fcn konulardaki ayr\u0131cal\u0131klarla enfes bir hal almay\u0131 ba\u015far\u0131yor. E\u011fer siz de Bianco Pineta mermerinin ayr\u0131cal\u0131klar\u0131n\u0131 fazlas\u0131 ile ya\u015famak istiyorsan\u0131z bu konuda kalite odakl\u0131 \u00e7\u00f6z\u00fcmlere ba\u015fvurmal\u0131s\u0131n\u0131z.<\/p>\n<p>Mermerin g\u00fc\u00e7l\u00fc duru\u015funu siyah ve beyaz\u0131n enfes kar\u0131\u015f\u0131m\u0131 sayesinde hissettiren Bianco Pineta farkl\u0131 alanlarda kullan\u0131labilir olmas\u0131yla kalitelidir. Talebe uygun bir \u00e7\u00f6z\u00fcmler ortaya koymak ad\u0131na \u00e7\u00f6z\u00fcm odakl\u0131 se\u00e7enekler sunan Kar Maden sizin i\u00e7in harika se\u00e7enekler vaat eder. Mutfak, banyo ya da di\u011fer alanlarda sizin i\u00e7in en uygun se\u00e7enekler i\u00e7in tek yapman\u0131z gereken siyah beyaz mermer ile neler elde edebilece\u011finize bir g\u00f6z atmak olacakt\u0131r.[\/vc_column_text][\/vc_column][\/vc_row][vc_row][vc_column]\n  <h2 class= \"title\" style=\"font-size: 22px;text-align: left;font-weight: 400;\" > Siyah Beyaz Mermer Fiyatlar\u0131<\/h2> \n\n[vc_column_text]<\/p>\n<div class=\"FFpbKc\">\n<div class=\"ZTPlmc\">\n<p>Bianco Pineta fiyatlar\u0131 ve ayr\u0131cal\u0131klar\u0131yla tan\u0131\u015fmak isteyen pek \u00e7ok insan i\u00e7in ilk etapta akla gelen pek \u00e7ok detay var. Ya\u015fam alan\u0131n\u0131z\u0131 d\u00f6n\u00fc\u015ft\u00fcrmek i\u00e7in mermer kalitesini kullanmak istedi\u011finizde Kar Maden ile ileti\u015fime ge\u00e7meniz yeterli! Ki\u015fiye \u00f6zel \u00e7\u00f6z\u00fcmler sunmak ad\u0131na \u00e7e\u015fitlili\u011fi zirveye \u00e7\u0131karan Kar Maden ile tan\u0131\u015fmaya haz\u0131r olun!<\/p>\n<p>Her biri kendine has \u00f6zellikler bar\u0131nd\u0131ran ve kaliteyi \u00f6n plana \u00e7\u0131karan Bianco Pineta sayesinde kusursuz bir mermer aramak zorunda kalmayacaks\u0131n\u0131z. \u00c7\u00fcnk\u00fc kusursuzlu\u011fu ayaklar\u0131n\u0131za sermeyi hedeflerken y\u00fcksek standartlardan kesinlikle geri kalm\u0131yoruz! Karar\u0131n\u0131z\u0131 hemen verin!<\/p>\n<\/div>\n<\/div>\n<p>[\/vc_column_text][\/vc_column][\/vc_row][vc_row css=&#8221;.vc_custom_1617005479319{padding-top: 16px !important;padding-bottom: 64px !important;}&#8221;][vc_column]\n    <div class=\"text-center\">  <a href=\"https:\/\/karmadendotcom.wpcomstaging.com\/tr\/mermer-cesitleri\/\" class=\"ot-btn btn-rounded default-size-btn btn-maroon-color \">Di\u011fer Mermerler<\/a>\n  <\/div>  [\/vc_column][\/vc_row]<\/p>\n","protected":false},"excerpt":{"rendered":"<p>[vc_row css=&#8221;.vc_custom_1617005529267{padding-top: 64px !important;}&#8221;][vc_column][vc_masonry_media_grid style=&#8221;lazy&#8221; grid_id=&#8221;vc_gid:1617005682305-4e9bf4ef-9b5b-0&#8243; include=&#8221;8736,8734,8732,8730,8728,8726&#8243;][\/vc_column][\/vc_row][vc_row][vc_column][vc_column_text css_animation=&#8221;none&#8221;]Siyah beyaz mermer kullanarak ya\u015fam alan\u0131n\u0131z\u0131 daha konforlu bir noktaya ta\u015f\u0131yabilece\u011finizi biliyor muydunuz? Mermerin kalitesini fazlas\u0131yla hissetmek ve g\u00f6rsel kusursuzlu\u011fu ya\u015famak ad\u0131na yapman\u0131z gereken tek \u015fey size \u00f6zel \u00e7\u00f6z\u00fcmler i\u00e7in Kar Maden avantajlar\u0131na bir g\u00f6z atmak olacak! Kar Maden kalite, g\u00fcven ve g\u00f6steri\u015flilik sa\u011flayan se\u00e7enekleriyle hayat\u0131n\u0131za yeni renkler [&hellip;]<\/p>\n","protected":false},"author":179465591,"featured_media":0,"parent":0,"menu_order":0,"comment_status":"closed","ping_status":"closed","template":"page-templates\/template-fullwidth.php","meta":{"_monsterinsights_skip_tracking":false,"_monsterinsights_sitenote_active":false,"_monsterinsights_sitenote_note":"","_monsterinsights_sitenote_category":0,"jetpack_post_was_ever_published":false,"footnotes":""},"class_list":["post-10770","page","type-page","status-publish","hentry"],"yoast_head":"<!-- This site is optimized with the Yoast SEO plugin v27.3 - https:\/\/yoast.com\/product\/yoast-seo-wordpress\/ -->\n<title>Siyah Beyaz Mermer: Bianco Pineta &#8211; Kar Maden<\/title>\n<meta name=\"description\" content=\"Siyah Beyaz Mermer in modern ve l\u00fcks g\u00f6r\u00fcn\u00fcm\u00fcn\u00fc kullanarak i\u00e7 ve d\u0131\u015f mekanlar\u0131n\u0131za tarz kat\u0131n. Kar Maden Bianco Pineta mermer kolesiyonu.\" \/>\n<meta name=\"robots\" content=\"index, follow, max-snippet:-1, max-image-preview:large, max-video-preview:-1\" \/>\n<link rel=\"canonical\" href=\"https:\/\/karmaden.com\/tr\/siyah-beyaz-mermer-bianco-pineta\/\" \/>\n<meta property=\"og:locale\" content=\"tr_TR\" \/>\n<meta property=\"og:type\" content=\"article\" \/>\n<meta property=\"og:title\" content=\"Siyah Beyaz Mermer: Bianco Pineta &#8211; Kar Maden\" \/>\n<meta property=\"og:description\" content=\"Siyah Beyaz Mermer in modern ve l\u00fcks g\u00f6r\u00fcn\u00fcm\u00fcn\u00fc kullanarak i\u00e7 ve d\u0131\u015f mekanlar\u0131n\u0131za tarz kat\u0131n. Kar Maden Bianco Pineta mermer kolesiyonu.\" \/>\n<meta property=\"og:url\" content=\"https:\/\/karmaden.com\/tr\/siyah-beyaz-mermer-bianco-pineta\/\" \/>\n<meta property=\"og:site_name\" content=\"Kar Maden\" \/>\n<meta property=\"article:publisher\" content=\"https:\/\/www.facebook.com\/kar.maden.56\" \/>\n<meta property=\"article:modified_time\" content=\"2021-03-29T08:15:22+00:00\" \/>\n<meta name=\"twitter:card\" content=\"summary_large_image\" \/>\n<meta name=\"twitter:label1\" content=\"Tahmini okuma s\u00fcresi\" \/>\n\t<meta name=\"twitter:data1\" content=\"2 dakika\" \/>\n<script type=\"application\/ld+json\" class=\"yoast-schema-graph\">{\"@context\":\"https:\\\/\\\/schema.org\",\"@graph\":[{\"@type\":\"WebPage\",\"@id\":\"https:\\\/\\\/karmaden.com\\\/tr\\\/siyah-beyaz-mermer-bianco-pineta\\\/\",\"url\":\"https:\\\/\\\/karmaden.com\\\/tr\\\/siyah-beyaz-mermer-bianco-pineta\\\/\",\"name\":\"Siyah Beyaz Mermer: Bianco Pineta &#8211; Kar Maden\",\"isPartOf\":{\"@id\":\"https:\\\/\\\/karmaden.com\\\/#website\"},\"datePublished\":\"2021-03-01T00:47:02+00:00\",\"dateModified\":\"2021-03-29T08:15:22+00:00\",\"description\":\"Siyah Beyaz Mermer in modern ve l\u00fcks g\u00f6r\u00fcn\u00fcm\u00fcn\u00fc kullanarak i\u00e7 ve d\u0131\u015f mekanlar\u0131n\u0131za tarz kat\u0131n. Kar Maden Bianco Pineta mermer kolesiyonu.\",\"breadcrumb\":{\"@id\":\"https:\\\/\\\/karmaden.com\\\/tr\\\/siyah-beyaz-mermer-bianco-pineta\\\/#breadcrumb\"},\"inLanguage\":\"tr\",\"potentialAction\":[{\"@type\":\"ReadAction\",\"target\":[\"https:\\\/\\\/karmaden.com\\\/tr\\\/siyah-beyaz-mermer-bianco-pineta\\\/\"]}]},{\"@type\":\"BreadcrumbList\",\"@id\":\"https:\\\/\\\/karmaden.com\\\/tr\\\/siyah-beyaz-mermer-bianco-pineta\\\/#breadcrumb\",\"itemListElement\":[{\"@type\":\"ListItem\",\"position\":1,\"name\":\"Home\",\"item\":\"https:\\\/\\\/karmaden.com\\\/tr\\\/\"},{\"@type\":\"ListItem\",\"position\":2,\"name\":\"Siyah Beyaz Mermer: Bianco Pineta\"}]},{\"@type\":\"WebSite\",\"@id\":\"https:\\\/\\\/karmaden.com\\\/#website\",\"url\":\"https:\\\/\\\/karmaden.com\\\/\",\"name\":\"Kar Maden\",\"description\":\"Marble Slabs, Marble Tiles, Block of Marble\",\"publisher\":{\"@id\":\"https:\\\/\\\/karmaden.com\\\/#organization\"},\"potentialAction\":[{\"@type\":\"SearchAction\",\"target\":{\"@type\":\"EntryPoint\",\"urlTemplate\":\"https:\\\/\\\/karmaden.com\\\/?s={search_term_string}\"},\"query-input\":{\"@type\":\"PropertyValueSpecification\",\"valueRequired\":true,\"valueName\":\"search_term_string\"}}],\"inLanguage\":\"tr\"},{\"@type\":\"Organization\",\"@id\":\"https:\\\/\\\/karmaden.com\\\/#organization\",\"name\":\"Kar Maden\",\"url\":\"https:\\\/\\\/karmaden.com\\\/\",\"logo\":{\"@type\":\"ImageObject\",\"inLanguage\":\"tr\",\"@id\":\"https:\\\/\\\/karmaden.com\\\/#\\\/schema\\\/logo\\\/image\\\/\",\"url\":\"\",\"contentUrl\":\"\",\"caption\":\"Kar Maden\"},\"image\":{\"@id\":\"https:\\\/\\\/karmaden.com\\\/#\\\/schema\\\/logo\\\/image\\\/\"},\"sameAs\":[\"https:\\\/\\\/www.facebook.com\\\/kar.maden.56\",\"https:\\\/\\\/www.instagram.com\\\/kar_maden\\\/?hl=en\",\"https:\\\/\\\/www.linkedin.com\\\/company\\\/kar-maden\"]}]}<\/script>\n<!-- \/ Yoast SEO plugin. -->","yoast_head_json":{"title":"Siyah Beyaz Mermer: Bianco Pineta &#8211; Kar Maden","description":"Siyah Beyaz Mermer in modern ve l\u00fcks g\u00f6r\u00fcn\u00fcm\u00fcn\u00fc kullanarak i\u00e7 ve d\u0131\u015f mekanlar\u0131n\u0131za tarz kat\u0131n. Kar Maden Bianco Pineta mermer kolesiyonu.","robots":{"index":"index","follow":"follow","max-snippet":"max-snippet:-1","max-image-preview":"max-image-preview:large","max-video-preview":"max-video-preview:-1"},"canonical":"https:\/\/karmaden.com\/tr\/siyah-beyaz-mermer-bianco-pineta\/","og_locale":"tr_TR","og_type":"article","og_title":"Siyah Beyaz Mermer: Bianco Pineta &#8211; Kar Maden","og_description":"Siyah Beyaz Mermer in modern ve l\u00fcks g\u00f6r\u00fcn\u00fcm\u00fcn\u00fc kullanarak i\u00e7 ve d\u0131\u015f mekanlar\u0131n\u0131za tarz kat\u0131n. Kar Maden Bianco Pineta mermer kolesiyonu.","og_url":"https:\/\/karmaden.com\/tr\/siyah-beyaz-mermer-bianco-pineta\/","og_site_name":"Kar Maden","article_publisher":"https:\/\/www.facebook.com\/kar.maden.56","article_modified_time":"2021-03-29T08:15:22+00:00","twitter_card":"summary_large_image","twitter_misc":{"Tahmini okuma s\u00fcresi":"2 dakika"},"schema":{"@context":"https:\/\/schema.org","@graph":[{"@type":"WebPage","@id":"https:\/\/karmaden.com\/tr\/siyah-beyaz-mermer-bianco-pineta\/","url":"https:\/\/karmaden.com\/tr\/siyah-beyaz-mermer-bianco-pineta\/","name":"Siyah Beyaz Mermer: Bianco Pineta &#8211; Kar Maden","isPartOf":{"@id":"https:\/\/karmaden.com\/#website"},"datePublished":"2021-03-01T00:47:02+00:00","dateModified":"2021-03-29T08:15:22+00:00","description":"Siyah Beyaz Mermer in modern ve l\u00fcks g\u00f6r\u00fcn\u00fcm\u00fcn\u00fc kullanarak i\u00e7 ve d\u0131\u015f mekanlar\u0131n\u0131za tarz kat\u0131n. Kar Maden Bianco Pineta mermer kolesiyonu.","breadcrumb":{"@id":"https:\/\/karmaden.com\/tr\/siyah-beyaz-mermer-bianco-pineta\/#breadcrumb"},"inLanguage":"tr","potentialAction":[{"@type":"ReadAction","target":["https:\/\/karmaden.com\/tr\/siyah-beyaz-mermer-bianco-pineta\/"]}]},{"@type":"BreadcrumbList","@id":"https:\/\/karmaden.com\/tr\/siyah-beyaz-mermer-bianco-pineta\/#breadcrumb","itemListElement":[{"@type":"ListItem","position":1,"name":"Home","item":"https:\/\/karmaden.com\/tr\/"},{"@type":"ListItem","position":2,"name":"Siyah Beyaz Mermer: Bianco Pineta"}]},{"@type":"WebSite","@id":"https:\/\/karmaden.com\/#website","url":"https:\/\/karmaden.com\/","name":"Kar Maden","description":"Marble Slabs, Marble Tiles, Block of Marble","publisher":{"@id":"https:\/\/karmaden.com\/#organization"},"potentialAction":[{"@type":"SearchAction","target":{"@type":"EntryPoint","urlTemplate":"https:\/\/karmaden.com\/?s={search_term_string}"},"query-input":{"@type":"PropertyValueSpecification","valueRequired":true,"valueName":"search_term_string"}}],"inLanguage":"tr"},{"@type":"Organization","@id":"https:\/\/karmaden.com\/#organization","name":"Kar Maden","url":"https:\/\/karmaden.com\/","logo":{"@type":"ImageObject","inLanguage":"tr","@id":"https:\/\/karmaden.com\/#\/schema\/logo\/image\/","url":"","contentUrl":"","caption":"Kar Maden"},"image":{"@id":"https:\/\/karmaden.com\/#\/schema\/logo\/image\/"},"sameAs":["https:\/\/www.facebook.com\/kar.maden.56","https:\/\/www.instagram.com\/kar_maden\/?hl=en","https:\/\/www.linkedin.com\/company\/kar-maden"]}]}},"jetpack_sharing_enabled":false,"jetpack_likes_enabled":false,"jetpack_shortlink":"https:\/\/wp.me\/PbFbLT-2NI","_links":{"self":[{"href":"https:\/\/karmaden.com\/tr\/wp-json\/wp\/v2\/pages\/10770","targetHints":{"allow":["GET"]}}],"collection":[{"href":"https:\/\/karmaden.com\/tr\/wp-json\/wp\/v2\/pages"}],"about":[{"href":"https:\/\/karmaden.com\/tr\/wp-json\/wp\/v2\/types\/page"}],"author":[{"embeddable":true,"href":"https:\/\/karmaden.com\/tr\/wp-json\/wp\/v2\/users\/179465591"}],"replies":[{"embeddable":true,"href":"https:\/\/karmaden.com\/tr\/wp-json\/wp\/v2\/comments?post=10770"}],"version-history":[{"count":0,"href":"https:\/\/karmaden.com\/tr\/wp-json\/wp\/v2\/pages\/10770\/revisions"}],"wp:attachment":[{"href":"https:\/\/karmaden.com\/tr\/wp-json\/wp\/v2\/media?parent=10770"}],"curies":[{"name":"wp","href":"https:\/\/api.w.org\/{rel}","templated":true}]}}