{"id":13748,"date":"2022-12-24T09:06:01","date_gmt":"2022-12-24T06:06:01","guid":{"rendered":"https:\/\/karmadendotcom.wpcomstaging.com\/?page_id=13748"},"modified":"2023-01-22T00:14:21","modified_gmt":"2023-01-21T21:14:21","slug":"mermer-tezgah","status":"publish","type":"page","link":"https:\/\/karmaden.com\/tr\/mermer-tezgah\/","title":{"rendered":"Mermer Tezgah"},"content":{"rendered":"<p>[vc_row css=&#8221;.vc_custom_1613755455915{padding-top: 50px !important;}&#8221;][vc_column][vc_masonry_media_grid grid_id=&#8221;vc_gid:1671861023667-8a059bb9-7a9f-7&#8243; include=&#8221;13685,13683,13654,13788,13652,12721,12723,12725,12727,13786,13790&#8243;]\n  <h4 class= \"title\" style=\"text-align: left;font-weight: 500;\" > Mermer<\/h4> \n\n[vc_column_text css_animation=&#8221;none&#8221;]<\/p>\n<h2 class=\"title\"><\/h2>\n<div class=\"wpb_text_column wpb_content_element \">\n<div class=\"wpb_wrapper\">\n<p>Do\u011fan\u0131n mucizesi mermer e\u015fsiz g\u00fczelli\u011fiyle mutfak, banyo, zemin, d\u0131\u015f cephe ve duvar kaplamalar\u0131 ba\u015fta olmak \u00fczere t\u00fcm mimari ve sanatsal projelerde \u015f\u0131kl\u0131\u011f\u0131 ile yer almaktad\u0131r.<\/p>\n<\/div>\n<\/div>\n<p>[\/vc_column_text][\/vc_column][\/vc_row][vc_row][vc_column]\n  <h4 class= \"title\" style=\"text-align: left;font-weight: 500;\" > Mermer Tasar\u0131m Hakk\u0131nda<\/h4> \n\n[vc_empty_space][vc_column_text]<\/p>\n<p>Do\u011fal olarak zevkinize uygun, \u015f\u0131k bir mutfa\u011fa sahip olmak istersiniz. Peki hayalinizdeki mutfa\u011f\u0131 yery\u00fcz\u00fcn\u00fcn mucizesi olan do\u011fal bir ta\u015ftan dizayn etmeyi d\u00fc\u015f\u00fcnd\u00fcn\u00fcz m\u00fc ?<\/p>\n<p>Tezgah se\u00e7imi s\u00f6z konusu oldu\u011funda mermer bir\u00e7ok ev sahibi i\u00e7in en avantajl\u0131 se\u00e7im olmaya devam ediyor. Mermerin do\u011fadaki olu\u015fumundan kaynakl\u0131 kendine has estetik desenlerinin ve ters s\u0131\u00e7ramalar\u0131n bu kadar pop\u00fcler olmas\u0131 \u015fa\u015f\u0131rt\u0131c\u0131 de\u011fil. Unutmay\u0131n mutfak tasar\u0131m\u0131n\u0131zdaki en b\u00fcy\u00fck unsur olan tezgah\u0131n\u0131z\u0131n desenleri sadece sizin mutfa\u011f\u0131n\u0131za \u00f6zel ve d\u00fcnyada tek. G\u00fcnl\u00fck ya\u015fam alanlar\u0131n\u0131za do\u011fal, \u015f\u0131k bir g\u00f6r\u00fcn\u00fcm kazand\u0131rmak ve ayr\u0131cal\u0131kl\u0131 hissetmek i\u00e7in mermer m\u00fckemmel bir se\u00e7enek.[\/vc_column_text][\/vc_column][\/vc_row][vc_row][vc_column]\n  <h4 class= \"title\" style=\"text-align: left;font-weight: 500;\" > Neden Mermer Tezgah ?<\/h4> \n\n[vc_empty_space][vc_column_text]<\/p>\n<p>Mermer y\u00fczeyler do\u011fald\u0131r, insan sa\u011fl\u0131\u011f\u0131na zararl\u0131 maddeler i\u00e7ermez. Size ve ailenize sa\u011fl\u0131kl\u0131 ve g\u00fcvenli bir kullan\u0131m sa\u011flar. Temizli\u011fi ve bak\u0131m\u0131 son derece kolayd\u0131r. Mermer i\u00e7in \u00fcretilmi\u015f temizleyiciler kullanarak yumu\u015fak dokulu bir bez yard\u0131m\u0131yla kolayca temiz ve bak\u0131ml\u0131 kullanabilirsiniz.<\/p>\n<p>Porselen ve kuvars y\u00fczeylerle kar\u015f\u0131la\u015ft\u0131r\u0131ld\u0131\u011f\u0131nda mermer olduk\u00e7a dayan\u0131kl\u0131 ve daha uygun fiyatl\u0131 do\u011fal bir malzemedir. Fabrikasyon tezgahlar\u0131n say\u0131l\u0131 renk se\u00e7eneklerine ba\u011fl\u0131 kalmaks\u0131z\u0131n mutfa\u011f\u0131n\u0131zda e\u015fsiz tasar\u0131mlara sahip olursunuz. Mermer \u00fcr\u00fcnler tonlarca fayda ve avantajla binlerce y\u0131ld\u0131r ilgi \u00e7ekmeye devam ediyor. Pratik olarak konu\u015fursak, farkl\u0131 ev i\u00e7i trendleri zamanla solabilir ancak mermerin modas\u0131 nadiren ge\u00e7er ve mermer ta\u015f\u0131 iyi ya\u015flan\u0131r. Bu da yat\u0131r\u0131m\u0131n\u0131z\u0131 de\u011ferli k\u0131lar.[\/vc_column_text][\/vc_column][\/vc_row][vc_row][vc_column width=&#8221;1\/2&#8243;]\n  <h4 class= \"title\" style=\"text-align: left;font-weight: 500;\" > Banyo Tezgah\u0131<\/h4> \n\n[vc_empty_space][vc_column_text]Mermer gibi do\u011fal ta\u015flar\u0131n banyonuza getirdi\u011fi s\u0131cakl\u0131kla kendinizi rahat hissedin. Bir ebeveyn banyosundan ne istedi\u011finizi d\u00fc\u015f\u00fcn\u00fcn.<\/p>\n<p>Her ta\u015f\u0131n ve malzemenin faydalar\u0131 olsa da, \u00e7ok az\u00a0\u00a0tezgah mermerin zarif esteti\u011fini sunar. Mermer banyonuz harika bir se\u00e7enektir ve bir\u00e7ok memnun m\u00fc\u015fteri ebeveyn banyolar\u0131 i\u00e7in mermer tezgah\u0131 tercih etmekte.[\/vc_column_text][\/vc_column][vc_column width=&#8221;1\/2&#8243;][vc_empty_space height=&#8221;70px&#8221;][vc_images_carousel images=&#8221;13708&#8243; img_size=&#8221;medium&#8221;][\/vc_column][\/vc_row][vc_row][vc_column]\n  <h4 class= \"title\" style=\"text-align: left;font-weight: 500;\" > Mermerin Tezgahlar\u0131n Avantajlar\u0131<\/h4> \n\n[vc_empty_space][vc_column_text]<\/p>\n<ul>\n<li>Fiyat olarak di\u011fer do\u011fal ta\u015flar ve fabrikasyon \u00fcretimlerle kar\u015f\u0131la\u015ft\u0131r\u0131ld\u0131\u011f\u0131nda daha uygun fiyatlara temin edilebilmektedir.<\/li>\n<li>Mutfaklarda estetik ve dekoratif uyumu sa\u011flamak i\u00e7in son derece elveri\u015flidirler. E\u015fsiz g\u00f6r\u00fcn\u00fcmleri ve parlak y\u00fczeyleri ortama katt\u0131\u011f\u0131 havayla birlikte son derece \u00f6nemli bir avantajd\u0131r.<\/li>\n<li>Mermerler yap\u0131s\u0131ndaki bile\u015fenlerin etkisiyle son derece dayan\u0131kl\u0131 yap\u0131ya sahiptir. Kolay kolay a\u015f\u0131nmazlar, uzun y\u0131llar do\u011fall\u0131\u011f\u0131n\u0131, \u015feklini ve g\u00f6steri\u015fini koruyabilir.<\/li>\n<li>Mermer y\u00fczeyler, do\u011fal olarak mikroskobik partik\u00fclleri uzak tutma yetene\u011fine sahiptir. Dolay\u0131s\u0131yla mermeri sa\u011fl\u0131k a\u00e7\u0131s\u0131ndan d\u00fc\u015f\u00fcnecek olursak mermer, evinizin patojen ve alerjenlerden uzak kalmas\u0131n\u0131 sa\u011flayabilir.<\/li>\n<li>Mermer y\u00fczeyler i\u00e7in uygun olan temizlik \u00fcr\u00fcnlerini tercih etti\u011finiz s\u00fcrece ekstra bir temizlik i\u015flemi gerektirmez.<\/li>\n<li>D\u00fczensiz bak\u0131mdan veya hatal\u0131 kullan\u0131mdan dolay\u0131 zarar g\u00f6rm\u00fc\u015f mermer masa, tezgah ve y\u00fczeyler yap\u0131lacak i\u015flemlerle tekrar eski g\u00fczelli\u011fine ve \u0131\u015f\u0131lt\u0131s\u0131na kavu\u015fabilir.<\/li>\n<li>Mermer \u0131s\u0131ya dayan\u0131kl\u0131d\u0131r; ancak mutfakta s\u0131cak tencere ve tavalara, banyoda ise s\u0131cak sa\u00e7 aletlerine kar\u015f\u0131 dikkatli olunmal\u0131d\u0131r.<\/li>\n<\/ul>\n<ul>\n<li style=\"list-style-type: none;\"><\/li>\n<\/ul>\n<p>[\/vc_column_text][\/vc_column][\/vc_row][vc_row][vc_column]\n  <h4 class= \"title\" style=\"text-align: left;font-weight: 500;\" > Hemen G\u00f6z At\u0131n<\/h4> \n\n[vc_empty_space][vc_column_text]B\u00fct\u00fcn bu \u00f6nerileri dikkate alarak mutfak, yemek odas\u0131 veya evinizin di\u011fer alanlar\u0131nda mermerin estetik ve \u015f\u0131k g\u00f6r\u00fcn\u00fcm\u00fcyle muazzam bir ambiyansa sahip olun. Mermer \u00fcr\u00fcnlere sahip olman\u0131n keyfini ya\u015famak ve ya\u015fam alanlar\u0131n\u0131zda bu muazzam g\u00fczellikleri yakalamak i\u00e7in \u00fcr\u00fcnlerimize g\u00f6z atabilirsiniz. Farkl\u0131 renk ve modelde mermer modellerimiz ve bu modellerden \u00fcretilen \u00e7e\u015fitli \u00fcr\u00fcnlerimiz sizler i\u00e7in haz\u0131r bir \u015fekilde bekliyor.<\/p>\n<p style=\"background: white; margin: 0cm 0cm 15.6pt 0cm;\">Bu se\u00e7kin se\u00e7eneklerden yararlanmak ve kalite odakl\u0131 \u00e7\u00f6z\u00fcmlerden faydalanmak i\u00e7in performans odakl\u0131 alternatiflerimizden yararlanmaya ba\u015flay\u0131n! Kar Maden olarak \u00f6zel mermer \u00e7e\u015fitlerini sizlerle bulu\u015fturuyoruz. Ya\u015fam alan\u0131n\u0131z\u0131 yeniden \u015fekillendirmek i\u00e7in hemen bizimle ileti\u015fime ge\u00e7in! Y\u00fcksek standartlar, kusursuz \u00f6zellikler ve \u00e7ok daha fazlas\u0131n\u0131n \u00e7\u00f6z\u00fcm\u00fc Kar Maden&#8217;de!<\/p>\n<p>[\/vc_column_text][vc_media_grid grid_id=&#8221;vc_gid:1671861615172-7bc91355-7c10-5&#8243; include=&#8221;13811,8734,13809,8728,13515,12936,8722,8720&#8243;][\/vc_column][\/vc_row][vc_row][vc_column][vc_empty_space height=&#8221;64px&#8221;]\n    <div class=\"text-center\">  <a href=\"https:\/\/karmadendotcom.wpcomstaging.com\/tr\/mermer-cesitleri\/\" class=\"ot-btn btn-rounded large-btn btn-blue-color \">Mermer Koleksiyonu<\/a>\n  <\/div>  \n    <div class=\"text-center\">  <a href=\"https:\/\/karmadendotcom.wpcomstaging.com\/tr\/mermer-yuzey-isleme\/\" class=\"ot-btn btn-rounded large-btn btn-green-color \">Mermer Y\u00fczeyler<\/a>\n  <\/div>  [vc_empty_space height=&#8221;64px&#8221;][\/vc_column][\/vc_row]<\/p>\n","protected":false},"excerpt":{"rendered":"<p>[vc_row css=&#8221;.vc_custom_1613755455915{padding-top: 50px !important;}&#8221;][vc_column][vc_masonry_media_grid grid_id=&#8221;vc_gid:1671861023667-8a059bb9-7a9f-7&#8243; include=&#8221;13685,13683,13654,13788,13652,12721,12723,12725,12727,13786,13790&#8243;][vc_column_text css_animation=&#8221;none&#8221;] Do\u011fan\u0131n mucizesi mermer e\u015fsiz g\u00fczelli\u011fiyle mutfak, banyo, zemin, d\u0131\u015f cephe ve duvar kaplamalar\u0131 ba\u015fta olmak \u00fczere t\u00fcm mimari ve sanatsal projelerde \u015f\u0131kl\u0131\u011f\u0131 ile yer almaktad\u0131r. [\/vc_column_text][\/vc_column][\/vc_row][vc_row][vc_column][vc_empty_space][vc_column_text] Do\u011fal olarak zevkinize uygun, \u015f\u0131k bir mutfa\u011fa sahip olmak istersiniz. Peki hayalinizdeki mutfa\u011f\u0131 yery\u00fcz\u00fcn\u00fcn mucizesi olan do\u011fal bir ta\u015ftan dizayn etmeyi d\u00fc\u015f\u00fcnd\u00fcn\u00fcz [&hellip;]<\/p>\n","protected":false},"author":179465590,"featured_media":0,"parent":0,"menu_order":0,"comment_status":"closed","ping_status":"closed","template":"page-templates\/template-fullwidth.php","meta":{"_monsterinsights_skip_tracking":false,"_monsterinsights_sitenote_active":false,"_monsterinsights_sitenote_note":"","_monsterinsights_sitenote_category":0,"footnotes":""},"class_list":["post-13748","page","type-page","status-publish","hentry"],"yoast_head":"<!-- This site is optimized with the Yoast SEO plugin v27.5 - https:\/\/yoast.com\/product\/yoast-seo-wordpress\/ -->\n<title>Mermer Tezgah &#8211; Kar Maden<\/title>\n<meta name=\"description\" content=\"Kar maden, g\u00f6z al\u0131c\u0131, estetik ve y\u00fcksek kaliteli mermerlerden olu\u015fan zengin bir koleksiyona sahiptir. Banyo ve mutfak tezgahlar\u0131n\u0131z\u0131 hemen se\u00e7mek i\u00e7in mermer \u00e7e\u015fitlerimize g\u00f6z at\u0131n.\" \/>\n<meta name=\"robots\" content=\"index, follow, max-snippet:-1, max-image-preview:large, max-video-preview:-1\" \/>\n<link rel=\"canonical\" href=\"https:\/\/karmaden.com\/tr\/mermer-tezgah\/\" \/>\n<meta property=\"og:locale\" content=\"tr_TR\" \/>\n<meta property=\"og:type\" content=\"article\" \/>\n<meta property=\"og:title\" content=\"Mermer Tezgah &#8211; Kar Maden\" \/>\n<meta property=\"og:description\" content=\"Kar maden, g\u00f6z al\u0131c\u0131, estetik ve y\u00fcksek kaliteli mermerlerden olu\u015fan zengin bir koleksiyona sahiptir. Banyo ve mutfak tezgahlar\u0131n\u0131z\u0131 hemen se\u00e7mek i\u00e7in mermer \u00e7e\u015fitlerimize g\u00f6z at\u0131n.\" \/>\n<meta property=\"og:url\" content=\"https:\/\/karmaden.com\/tr\/mermer-tezgah\/\" \/>\n<meta property=\"og:site_name\" content=\"Kar Maden\" \/>\n<meta property=\"article:publisher\" content=\"https:\/\/www.facebook.com\/kar.maden.56\" \/>\n<meta property=\"article:modified_time\" content=\"2023-01-21T21:14:21+00:00\" \/>\n<meta name=\"twitter:card\" content=\"summary_large_image\" \/>\n<meta name=\"twitter:label1\" content=\"Tahmini okuma s\u00fcresi\" \/>\n\t<meta name=\"twitter:data1\" content=\"3 dakika\" \/>\n<script type=\"application\/ld+json\" class=\"yoast-schema-graph\">{\"@context\":\"https:\\\/\\\/schema.org\",\"@graph\":[{\"@type\":\"WebPage\",\"@id\":\"https:\\\/\\\/karmaden.com\\\/tr\\\/mermer-tezgah\\\/\",\"url\":\"https:\\\/\\\/karmaden.com\\\/tr\\\/mermer-tezgah\\\/\",\"name\":\"Mermer Tezgah &#8211; Kar Maden\",\"isPartOf\":{\"@id\":\"https:\\\/\\\/karmaden.com\\\/#website\"},\"datePublished\":\"2022-12-24T06:06:01+00:00\",\"dateModified\":\"2023-01-21T21:14:21+00:00\",\"description\":\"Kar maden, g\u00f6z al\u0131c\u0131, estetik ve y\u00fcksek kaliteli mermerlerden olu\u015fan zengin bir koleksiyona sahiptir. Banyo ve mutfak tezgahlar\u0131n\u0131z\u0131 hemen se\u00e7mek i\u00e7in mermer \u00e7e\u015fitlerimize g\u00f6z at\u0131n.\",\"breadcrumb\":{\"@id\":\"https:\\\/\\\/karmaden.com\\\/tr\\\/mermer-tezgah\\\/#breadcrumb\"},\"inLanguage\":\"tr\",\"potentialAction\":[{\"@type\":\"ReadAction\",\"target\":[\"https:\\\/\\\/karmaden.com\\\/tr\\\/mermer-tezgah\\\/\"]}]},{\"@type\":\"BreadcrumbList\",\"@id\":\"https:\\\/\\\/karmaden.com\\\/tr\\\/mermer-tezgah\\\/#breadcrumb\",\"itemListElement\":[{\"@type\":\"ListItem\",\"position\":1,\"name\":\"Home\",\"item\":\"https:\\\/\\\/karmaden.com\\\/tr\\\/\"},{\"@type\":\"ListItem\",\"position\":2,\"name\":\"Mermer Tezgah\"}]},{\"@type\":\"WebSite\",\"@id\":\"https:\\\/\\\/karmaden.com\\\/#website\",\"url\":\"https:\\\/\\\/karmaden.com\\\/\",\"name\":\"Kar Maden\",\"description\":\"Marble Slabs, Marble Tiles, Block of Marble\",\"publisher\":{\"@id\":\"https:\\\/\\\/karmaden.com\\\/#organization\"},\"potentialAction\":[{\"@type\":\"SearchAction\",\"target\":{\"@type\":\"EntryPoint\",\"urlTemplate\":\"https:\\\/\\\/karmaden.com\\\/?s={search_term_string}\"},\"query-input\":{\"@type\":\"PropertyValueSpecification\",\"valueRequired\":true,\"valueName\":\"search_term_string\"}}],\"inLanguage\":\"tr\"},{\"@type\":\"Organization\",\"@id\":\"https:\\\/\\\/karmaden.com\\\/#organization\",\"name\":\"Kar Maden\",\"url\":\"https:\\\/\\\/karmaden.com\\\/\",\"logo\":{\"@type\":\"ImageObject\",\"inLanguage\":\"tr\",\"@id\":\"https:\\\/\\\/karmaden.com\\\/#\\\/schema\\\/logo\\\/image\\\/\",\"url\":\"\",\"contentUrl\":\"\",\"caption\":\"Kar Maden\"},\"image\":{\"@id\":\"https:\\\/\\\/karmaden.com\\\/#\\\/schema\\\/logo\\\/image\\\/\"},\"sameAs\":[\"https:\\\/\\\/www.facebook.com\\\/kar.maden.56\",\"https:\\\/\\\/www.instagram.com\\\/kar_maden\\\/?hl=en\",\"https:\\\/\\\/www.linkedin.com\\\/company\\\/kar-maden\"]}]}<\/script>\n<!-- \/ Yoast SEO plugin. -->","yoast_head_json":{"title":"Mermer Tezgah &#8211; Kar Maden","description":"Kar maden, g\u00f6z al\u0131c\u0131, estetik ve y\u00fcksek kaliteli mermerlerden olu\u015fan zengin bir koleksiyona sahiptir. Banyo ve mutfak tezgahlar\u0131n\u0131z\u0131 hemen se\u00e7mek i\u00e7in mermer \u00e7e\u015fitlerimize g\u00f6z at\u0131n.","robots":{"index":"index","follow":"follow","max-snippet":"max-snippet:-1","max-image-preview":"max-image-preview:large","max-video-preview":"max-video-preview:-1"},"canonical":"https:\/\/karmaden.com\/tr\/mermer-tezgah\/","og_locale":"tr_TR","og_type":"article","og_title":"Mermer Tezgah &#8211; Kar Maden","og_description":"Kar maden, g\u00f6z al\u0131c\u0131, estetik ve y\u00fcksek kaliteli mermerlerden olu\u015fan zengin bir koleksiyona sahiptir. Banyo ve mutfak tezgahlar\u0131n\u0131z\u0131 hemen se\u00e7mek i\u00e7in mermer \u00e7e\u015fitlerimize g\u00f6z at\u0131n.","og_url":"https:\/\/karmaden.com\/tr\/mermer-tezgah\/","og_site_name":"Kar Maden","article_publisher":"https:\/\/www.facebook.com\/kar.maden.56","article_modified_time":"2023-01-21T21:14:21+00:00","twitter_card":"summary_large_image","twitter_misc":{"Tahmini okuma s\u00fcresi":"3 dakika"},"schema":{"@context":"https:\/\/schema.org","@graph":[{"@type":"WebPage","@id":"https:\/\/karmaden.com\/tr\/mermer-tezgah\/","url":"https:\/\/karmaden.com\/tr\/mermer-tezgah\/","name":"Mermer Tezgah &#8211; Kar Maden","isPartOf":{"@id":"https:\/\/karmaden.com\/#website"},"datePublished":"2022-12-24T06:06:01+00:00","dateModified":"2023-01-21T21:14:21+00:00","description":"Kar maden, g\u00f6z al\u0131c\u0131, estetik ve y\u00fcksek kaliteli mermerlerden olu\u015fan zengin bir koleksiyona sahiptir. Banyo ve mutfak tezgahlar\u0131n\u0131z\u0131 hemen se\u00e7mek i\u00e7in mermer \u00e7e\u015fitlerimize g\u00f6z at\u0131n.","breadcrumb":{"@id":"https:\/\/karmaden.com\/tr\/mermer-tezgah\/#breadcrumb"},"inLanguage":"tr","potentialAction":[{"@type":"ReadAction","target":["https:\/\/karmaden.com\/tr\/mermer-tezgah\/"]}]},{"@type":"BreadcrumbList","@id":"https:\/\/karmaden.com\/tr\/mermer-tezgah\/#breadcrumb","itemListElement":[{"@type":"ListItem","position":1,"name":"Home","item":"https:\/\/karmaden.com\/tr\/"},{"@type":"ListItem","position":2,"name":"Mermer Tezgah"}]},{"@type":"WebSite","@id":"https:\/\/karmaden.com\/#website","url":"https:\/\/karmaden.com\/","name":"Kar Maden","description":"Marble Slabs, Marble Tiles, Block of Marble","publisher":{"@id":"https:\/\/karmaden.com\/#organization"},"potentialAction":[{"@type":"SearchAction","target":{"@type":"EntryPoint","urlTemplate":"https:\/\/karmaden.com\/?s={search_term_string}"},"query-input":{"@type":"PropertyValueSpecification","valueRequired":true,"valueName":"search_term_string"}}],"inLanguage":"tr"},{"@type":"Organization","@id":"https:\/\/karmaden.com\/#organization","name":"Kar Maden","url":"https:\/\/karmaden.com\/","logo":{"@type":"ImageObject","inLanguage":"tr","@id":"https:\/\/karmaden.com\/#\/schema\/logo\/image\/","url":"","contentUrl":"","caption":"Kar Maden"},"image":{"@id":"https:\/\/karmaden.com\/#\/schema\/logo\/image\/"},"sameAs":["https:\/\/www.facebook.com\/kar.maden.56","https:\/\/www.instagram.com\/kar_maden\/?hl=en","https:\/\/www.linkedin.com\/company\/kar-maden"]}]}},"jetpack_sharing_enabled":false,"jetpack_likes_enabled":false,"jetpack_shortlink":"https:\/\/wp.me\/PbFbLT-3zK","_links":{"self":[{"href":"https:\/\/karmaden.com\/tr\/wp-json\/wp\/v2\/pages\/13748","targetHints":{"allow":["GET"]}}],"collection":[{"href":"https:\/\/karmaden.com\/tr\/wp-json\/wp\/v2\/pages"}],"about":[{"href":"https:\/\/karmaden.com\/tr\/wp-json\/wp\/v2\/types\/page"}],"author":[{"embeddable":true,"href":"https:\/\/karmaden.com\/tr\/wp-json\/wp\/v2\/users\/179465590"}],"replies":[{"embeddable":true,"href":"https:\/\/karmaden.com\/tr\/wp-json\/wp\/v2\/comments?post=13748"}],"version-history":[{"count":45,"href":"https:\/\/karmaden.com\/tr\/wp-json\/wp\/v2\/pages\/13748\/revisions"}],"predecessor-version":[{"id":13814,"href":"https:\/\/karmaden.com\/tr\/wp-json\/wp\/v2\/pages\/13748\/revisions\/13814"}],"wp:attachment":[{"href":"https:\/\/karmaden.com\/tr\/wp-json\/wp\/v2\/media?parent=13748"}],"curies":[{"name":"wp","href":"https:\/\/api.w.org\/{rel}","templated":true}]}}