{"id":14661,"date":"2024-09-05T14:42:55","date_gmt":"2024-09-05T11:42:55","guid":{"rendered":"https:\/\/karmadendotcom.wpcomstaging.com\/van-der-vein-lounge\/"},"modified":"2024-09-05T14:57:25","modified_gmt":"2024-09-05T11:57:25","slug":"van-der-vein","status":"publish","type":"page","link":"https:\/\/karmaden.com\/tr\/van-der-vein\/","title":{"rendered":"Van Der Vein Lounge"},"content":{"rendered":"<p>[vc_row css=&#8221;.vc_custom_1613755455915{padding-top: 50px !important;}&#8221;][vc_column][vc_masonry_media_grid grid_id=&#8221;vc_gid:1725536663852-4321352f-c552-9&#8243; include=&#8221;14646,14648,14650,14652,14654,14656&#8243;]\n  <h4 class= \"title\" style=\"text-align: left;font-weight: 500;\" > Van Der Vein Lounge<\/h4> \n\n[vc_column_text css_animation=&#8221;none&#8221;]Grigio Pineta mermerinin siyah ve beyaz do\u011fas\u0131yla haz\u0131rlanan l\u00fcks oturma odalar\u0131 ile hayat\u0131n\u0131zda yeni bir d\u00f6nem ba\u015flat\u0131yoruz. Kar Maden ve \u00e7\u00f6z\u00fcm orta\u011f\u0131 Ris Interior i\u015fbirli\u011fi ile haz\u0131rlanan yeni nesil tasar\u0131mlarla ya\u015fam alan\u0131n\u0131z\u0131 yeniden tasarl\u0131yoruz. \u00d6d\u00fcll\u00fc i\u00e7 mimari projemiz <strong>Van Der Vein<\/strong> ile evlerinizde, ofislerinizde ya da diledi\u011finiz her yerde do\u011fal ta\u015f\u0131n esteti\u011fini hayata ge\u00e7iriyoruz.[\/vc_column_text][\/vc_column][\/vc_row][vc_row][vc_column]\n  <h4 class= \"title\" style=\"text-align: left;font-weight: 500;\" > <\/h4> \n\n[vc_empty_space][vc_column_text]Oturma odas\u0131 bir evin en s\u0131k kullan\u0131lan alanlar\u0131ndan biridir. Bu nedenle mekanlar\u0131n\u0131z\u0131 de\u011fi\u015fim ve yenilenme etkisi yaratacak tasar\u0131mlarla \u00f6zelle\u015ftirmelisiniz.[\/vc_column_text][\/vc_column][\/vc_row][vc_row][vc_column]\n  <h4 class= \"title\" style=\"text-align: left;font-weight: 500;\" > Grigio Pineta Mermer Oturma Odas\u0131<\/h4> \n\n[vc_empty_space][vc_column_text]\u0130\u00e7 mimari olarak bilinen bu \u00f6zelle\u015ftirme, sadece d\u00f6nem esteti\u011fi de\u011fil ayn\u0131 zamanda zamans\u0131z par\u00e7alar\u0131n kullan\u0131m\u0131n\u0131 da gerektiriyor. <strong>Grigio Pineta mermer salon tasar\u0131m\u0131m\u0131z<\/strong> ile kulland\u0131\u011f\u0131m\u0131z do\u011fal ta\u015f yap\u0131s\u0131n\u0131 evlerinize ta\u015f\u0131yor ve sizin i\u00e7in istedi\u011finiz o alan\u0131 yarat\u0131yoruz. Bir tasar\u0131m harikas\u0131 olan bu \u00fcr\u00fcn, son d\u00f6nemlerin en \u00e7ok tercih edilen mimari tasar\u0131m listesinde ilk s\u0131ralarda yer al\u0131yor.[\/vc_column_text][\/vc_column][\/vc_row][vc_row][vc_column width=&#8221;1\/2&#8243;]\n  <h4 class= \"title\" style=\"text-align: left;font-weight: 500;\" > <\/h4> \n\n[vc_empty_space][vc_column_text]\u0130\u00e7 mekan tasar\u0131m\u0131nda kullan\u0131lacak mermer yap\u0131s\u0131 do\u011frudan duvar \u00fczerine uygulanmaktad\u0131r. Do\u011fal yap\u0131s\u0131 nedeniyle tasar\u0131m\u0131, \u00e7izgileri ve sundu\u011fu melodi size hem estetik bir g\u00f6r\u00fcn\u00fcm hem de huzurlu bir mekan olu\u015fumu sunar. <strong>Kar Maden<\/strong> taraf\u0131ndan tasarlanan mermer, san\u0131lan\u0131n aksine daha fazla \u00f6zelli\u011fe sahiptir.[\/vc_column_text][\/vc_column][vc_column width=&#8221;1\/2&#8243;][vc_empty_space height=&#8221;70px&#8221;][vc_images_carousel images=&#8221;14644&#8243; img_size=&#8221;medium&#8221;][\/vc_column][\/vc_row][vc_row][vc_column][vc_empty_space height=&#8221;64px&#8221;]\n    <div class=\"text-center\">  <a href=\"https:\/\/karmadendotcom.wpcomstaging.com\/marble-types\/\" class=\"ot-btn btn-rounded large-btn btn-blue-color \">Mermer Koleksiyonu<\/a>\n  <\/div>  \n    <div class=\"text-center\">  <a href=\"https:\/\/karmadendotcom.wpcomstaging.com\/marble-surface-finishes\/\" class=\"ot-btn btn-rounded large-btn btn-green-color \">Mermer Y\u00fczey \u0130\u015flemleri<\/a>\n  <\/div>  [vc_empty_space height=&#8221;64px&#8221;][\/vc_column][\/vc_row]<\/p>\n","protected":false},"excerpt":{"rendered":"<p>[vc_row css=&#8221;.vc_custom_1613755455915{padding-top: 50px !important;}&#8221;][vc_column][vc_masonry_media_grid grid_id=&#8221;vc_gid:1725536663852-4321352f-c552-9&#8243; include=&#8221;14646,14648,14650,14652,14654,14656&#8243;][vc_column_text css_animation=&#8221;none&#8221;]Grigio Pineta mermerinin siyah ve beyaz do\u011fas\u0131yla haz\u0131rlanan l\u00fcks oturma odalar\u0131 ile hayat\u0131n\u0131zda yeni bir d\u00f6nem ba\u015flat\u0131yoruz. Kar Maden ve \u00e7\u00f6z\u00fcm orta\u011f\u0131 Ris Interior i\u015fbirli\u011fi ile haz\u0131rlanan yeni nesil tasar\u0131mlarla ya\u015fam alan\u0131n\u0131z\u0131 yeniden tasarl\u0131yoruz. \u00d6d\u00fcll\u00fc i\u00e7 mimari projemiz Van Der Vein ile evlerinizde, ofislerinizde ya da diledi\u011finiz her yerde [&hellip;]<\/p>\n","protected":false},"author":179465594,"featured_media":0,"parent":0,"menu_order":0,"comment_status":"closed","ping_status":"closed","template":"page-templates\/template-fullwidth.php","meta":{"_monsterinsights_skip_tracking":false,"_monsterinsights_sitenote_active":false,"_monsterinsights_sitenote_note":"","_monsterinsights_sitenote_category":0,"jetpack_post_was_ever_published":false,"footnotes":""},"class_list":["post-14661","page","type-page","status-publish","hentry"],"yoast_head":"<!-- This site is optimized with the Yoast SEO plugin v27.3 - https:\/\/yoast.com\/product\/yoast-seo-wordpress\/ -->\n<title>Van Der Vein Lounge &#8211; Kar Maden<\/title>\n<meta name=\"description\" content=\"Van Der Vein Lounge Mermer, zarif damarlara ve zengin dokulara sahip l\u00fcks bir do\u011fal ta\u015ft\u0131r ve sofistike, \u00fcst d\u00fczey i\u00e7 mekanlar yaratmak i\u00e7in idealdir.\" \/>\n<meta name=\"robots\" content=\"index, follow, max-snippet:-1, max-image-preview:large, max-video-preview:-1\" \/>\n<link rel=\"canonical\" href=\"https:\/\/karmaden.com\/tr\/van-der-vein\/\" \/>\n<meta property=\"og:locale\" content=\"tr_TR\" \/>\n<meta property=\"og:type\" content=\"article\" \/>\n<meta property=\"og:title\" content=\"Van Der Vein Lounge &#8211; Kar Maden\" \/>\n<meta property=\"og:description\" content=\"Van Der Vein Lounge Mermer, zarif damarlara ve zengin dokulara sahip l\u00fcks bir do\u011fal ta\u015ft\u0131r ve sofistike, \u00fcst d\u00fczey i\u00e7 mekanlar yaratmak i\u00e7in idealdir.\" \/>\n<meta property=\"og:url\" content=\"https:\/\/karmaden.com\/tr\/van-der-vein\/\" \/>\n<meta property=\"og:site_name\" content=\"Kar Maden\" \/>\n<meta property=\"article:publisher\" content=\"https:\/\/www.facebook.com\/kar.maden.56\" \/>\n<meta property=\"article:modified_time\" content=\"2024-09-05T11:57:25+00:00\" \/>\n<meta name=\"twitter:card\" content=\"summary_large_image\" \/>\n<meta name=\"twitter:label1\" content=\"Tahmini okuma s\u00fcresi\" \/>\n\t<meta name=\"twitter:data1\" content=\"1 dakika\" \/>\n<script type=\"application\/ld+json\" class=\"yoast-schema-graph\">{\"@context\":\"https:\\\/\\\/schema.org\",\"@graph\":[{\"@type\":\"WebPage\",\"@id\":\"https:\\\/\\\/karmaden.com\\\/tr\\\/van-der-vein\\\/\",\"url\":\"https:\\\/\\\/karmaden.com\\\/tr\\\/van-der-vein\\\/\",\"name\":\"Van Der Vein Lounge &#8211; Kar Maden\",\"isPartOf\":{\"@id\":\"https:\\\/\\\/karmaden.com\\\/#website\"},\"datePublished\":\"2024-09-05T11:42:55+00:00\",\"dateModified\":\"2024-09-05T11:57:25+00:00\",\"description\":\"Van Der Vein Lounge Mermer, zarif damarlara ve zengin dokulara sahip l\u00fcks bir do\u011fal ta\u015ft\u0131r ve sofistike, \u00fcst d\u00fczey i\u00e7 mekanlar yaratmak i\u00e7in idealdir.\",\"breadcrumb\":{\"@id\":\"https:\\\/\\\/karmaden.com\\\/tr\\\/van-der-vein\\\/#breadcrumb\"},\"inLanguage\":\"tr\",\"potentialAction\":[{\"@type\":\"ReadAction\",\"target\":[\"https:\\\/\\\/karmaden.com\\\/tr\\\/van-der-vein\\\/\"]}]},{\"@type\":\"BreadcrumbList\",\"@id\":\"https:\\\/\\\/karmaden.com\\\/tr\\\/van-der-vein\\\/#breadcrumb\",\"itemListElement\":[{\"@type\":\"ListItem\",\"position\":1,\"name\":\"Home\",\"item\":\"https:\\\/\\\/karmaden.com\\\/tr\\\/\"},{\"@type\":\"ListItem\",\"position\":2,\"name\":\"Van Der Vein Lounge\"}]},{\"@type\":\"WebSite\",\"@id\":\"https:\\\/\\\/karmaden.com\\\/#website\",\"url\":\"https:\\\/\\\/karmaden.com\\\/\",\"name\":\"Kar Maden\",\"description\":\"Marble Slabs, Marble Tiles, Block of Marble\",\"publisher\":{\"@id\":\"https:\\\/\\\/karmaden.com\\\/#organization\"},\"potentialAction\":[{\"@type\":\"SearchAction\",\"target\":{\"@type\":\"EntryPoint\",\"urlTemplate\":\"https:\\\/\\\/karmaden.com\\\/?s={search_term_string}\"},\"query-input\":{\"@type\":\"PropertyValueSpecification\",\"valueRequired\":true,\"valueName\":\"search_term_string\"}}],\"inLanguage\":\"tr\"},{\"@type\":\"Organization\",\"@id\":\"https:\\\/\\\/karmaden.com\\\/#organization\",\"name\":\"Kar Maden\",\"url\":\"https:\\\/\\\/karmaden.com\\\/\",\"logo\":{\"@type\":\"ImageObject\",\"inLanguage\":\"tr\",\"@id\":\"https:\\\/\\\/karmaden.com\\\/#\\\/schema\\\/logo\\\/image\\\/\",\"url\":\"\",\"contentUrl\":\"\",\"caption\":\"Kar Maden\"},\"image\":{\"@id\":\"https:\\\/\\\/karmaden.com\\\/#\\\/schema\\\/logo\\\/image\\\/\"},\"sameAs\":[\"https:\\\/\\\/www.facebook.com\\\/kar.maden.56\",\"https:\\\/\\\/www.instagram.com\\\/kar_maden\\\/?hl=en\",\"https:\\\/\\\/www.linkedin.com\\\/company\\\/kar-maden\"]}]}<\/script>\n<!-- \/ Yoast SEO plugin. -->","yoast_head_json":{"title":"Van Der Vein Lounge &#8211; Kar Maden","description":"Van Der Vein Lounge Mermer, zarif damarlara ve zengin dokulara sahip l\u00fcks bir do\u011fal ta\u015ft\u0131r ve sofistike, \u00fcst d\u00fczey i\u00e7 mekanlar yaratmak i\u00e7in idealdir.","robots":{"index":"index","follow":"follow","max-snippet":"max-snippet:-1","max-image-preview":"max-image-preview:large","max-video-preview":"max-video-preview:-1"},"canonical":"https:\/\/karmaden.com\/tr\/van-der-vein\/","og_locale":"tr_TR","og_type":"article","og_title":"Van Der Vein Lounge &#8211; Kar Maden","og_description":"Van Der Vein Lounge Mermer, zarif damarlara ve zengin dokulara sahip l\u00fcks bir do\u011fal ta\u015ft\u0131r ve sofistike, \u00fcst d\u00fczey i\u00e7 mekanlar yaratmak i\u00e7in idealdir.","og_url":"https:\/\/karmaden.com\/tr\/van-der-vein\/","og_site_name":"Kar Maden","article_publisher":"https:\/\/www.facebook.com\/kar.maden.56","article_modified_time":"2024-09-05T11:57:25+00:00","twitter_card":"summary_large_image","twitter_misc":{"Tahmini okuma s\u00fcresi":"1 dakika"},"schema":{"@context":"https:\/\/schema.org","@graph":[{"@type":"WebPage","@id":"https:\/\/karmaden.com\/tr\/van-der-vein\/","url":"https:\/\/karmaden.com\/tr\/van-der-vein\/","name":"Van Der Vein Lounge &#8211; Kar Maden","isPartOf":{"@id":"https:\/\/karmaden.com\/#website"},"datePublished":"2024-09-05T11:42:55+00:00","dateModified":"2024-09-05T11:57:25+00:00","description":"Van Der Vein Lounge Mermer, zarif damarlara ve zengin dokulara sahip l\u00fcks bir do\u011fal ta\u015ft\u0131r ve sofistike, \u00fcst d\u00fczey i\u00e7 mekanlar yaratmak i\u00e7in idealdir.","breadcrumb":{"@id":"https:\/\/karmaden.com\/tr\/van-der-vein\/#breadcrumb"},"inLanguage":"tr","potentialAction":[{"@type":"ReadAction","target":["https:\/\/karmaden.com\/tr\/van-der-vein\/"]}]},{"@type":"BreadcrumbList","@id":"https:\/\/karmaden.com\/tr\/van-der-vein\/#breadcrumb","itemListElement":[{"@type":"ListItem","position":1,"name":"Home","item":"https:\/\/karmaden.com\/tr\/"},{"@type":"ListItem","position":2,"name":"Van Der Vein Lounge"}]},{"@type":"WebSite","@id":"https:\/\/karmaden.com\/#website","url":"https:\/\/karmaden.com\/","name":"Kar Maden","description":"Marble Slabs, Marble Tiles, Block of Marble","publisher":{"@id":"https:\/\/karmaden.com\/#organization"},"potentialAction":[{"@type":"SearchAction","target":{"@type":"EntryPoint","urlTemplate":"https:\/\/karmaden.com\/?s={search_term_string}"},"query-input":{"@type":"PropertyValueSpecification","valueRequired":true,"valueName":"search_term_string"}}],"inLanguage":"tr"},{"@type":"Organization","@id":"https:\/\/karmaden.com\/#organization","name":"Kar Maden","url":"https:\/\/karmaden.com\/","logo":{"@type":"ImageObject","inLanguage":"tr","@id":"https:\/\/karmaden.com\/#\/schema\/logo\/image\/","url":"","contentUrl":"","caption":"Kar Maden"},"image":{"@id":"https:\/\/karmaden.com\/#\/schema\/logo\/image\/"},"sameAs":["https:\/\/www.facebook.com\/kar.maden.56","https:\/\/www.instagram.com\/kar_maden\/?hl=en","https:\/\/www.linkedin.com\/company\/kar-maden"]}]}},"jetpack_sharing_enabled":false,"jetpack_likes_enabled":false,"jetpack_shortlink":"https:\/\/wp.me\/PbFbLT-3Ot","_links":{"self":[{"href":"https:\/\/karmaden.com\/tr\/wp-json\/wp\/v2\/pages\/14661","targetHints":{"allow":["GET"]}}],"collection":[{"href":"https:\/\/karmaden.com\/tr\/wp-json\/wp\/v2\/pages"}],"about":[{"href":"https:\/\/karmaden.com\/tr\/wp-json\/wp\/v2\/types\/page"}],"author":[{"embeddable":true,"href":"https:\/\/karmaden.com\/tr\/wp-json\/wp\/v2\/users\/179465594"}],"replies":[{"embeddable":true,"href":"https:\/\/karmaden.com\/tr\/wp-json\/wp\/v2\/comments?post=14661"}],"version-history":[{"count":2,"href":"https:\/\/karmaden.com\/tr\/wp-json\/wp\/v2\/pages\/14661\/revisions"}],"predecessor-version":[{"id":14663,"href":"https:\/\/karmaden.com\/tr\/wp-json\/wp\/v2\/pages\/14661\/revisions\/14663"}],"wp:attachment":[{"href":"https:\/\/karmaden.com\/tr\/wp-json\/wp\/v2\/media?parent=14661"}],"curies":[{"name":"wp","href":"https:\/\/api.w.org\/{rel}","templated":true}]}}