{"id":2285,"date":"2020-03-03T10:28:20","date_gmt":"2020-03-03T07:28:20","guid":{"rendered":"https:\/\/karmadendotcom.wpcomstaging.com\/?page_id=2285"},"modified":"2023-06-18T15:09:46","modified_gmt":"2023-06-18T12:09:46","slug":"iletisim","status":"publish","type":"page","link":"https:\/\/karmaden.com\/tr\/iletisim\/","title":{"rendered":"\u0130leti\u015fim"},"content":{"rendered":"<p>[vc_row el_class=&#8221;padding&#8221;][vc_column width=&#8221;1\/2&#8243; css=&#8221;.vc_custom_1479367821216{padding-right: 30px !important;}&#8221;]\n  <h3 class= \"title\" style=\"text-align: left;font-weight: 400;margin-bottom: 36px;\" > B\u0130ZE ULA\u015eIN<\/h3> \n\n\n<div class=\"wpcf7 no-js\" id=\"wpcf7-f443-o1\" lang=\"en-US\" dir=\"ltr\" data-wpcf7-id=\"443\">\n<div class=\"screen-reader-response\"><p role=\"status\" aria-live=\"polite\" aria-atomic=\"true\"><\/p> <ul><\/ul><\/div>\n<form action=\"\/tr\/wp-json\/wp\/v2\/pages\/2285#wpcf7-f443-o1\" method=\"post\" class=\"wpcf7-form init\" aria-label=\"Contact form\" novalidate=\"novalidate\" data-status=\"init\">\n<fieldset class=\"hidden-fields-container\"><input type=\"hidden\" name=\"_wpcf7\" value=\"443\" \/><input type=\"hidden\" name=\"_wpcf7_version\" value=\"6.1.5\" \/><input type=\"hidden\" name=\"_wpcf7_locale\" value=\"en_US\" \/><input type=\"hidden\" name=\"_wpcf7_unit_tag\" value=\"wpcf7-f443-o1\" \/><input type=\"hidden\" name=\"_wpcf7_container_post\" value=\"0\" \/><input type=\"hidden\" name=\"_wpcf7_posted_data_hash\" value=\"\" \/>\n<\/fieldset>\n<div class=\"form-inline form-contact-arc\">\n\t<div class=\"row\">\n\t\t<div class=\"form-group col-sm-12 \">\n\t\t\t<p><span class=\"wpcf7-form-control-wrap\" data-name=\"yourName\"><input size=\"40\" maxlength=\"400\" class=\"wpcf7-form-control wpcf7-text wpcf7-validates-as-required form-control\" id=\"yourName\" aria-required=\"true\" aria-invalid=\"false\" placeholder=\"Your Name\" value=\"\" type=\"text\" name=\"yourName\" \/><\/span>\n\t\t\t<\/p>\n\t\t<\/div>\n\t\t<div class=\"form-group col-sm-12\">\n\t\t\t<p><span class=\"wpcf7-form-control-wrap\" data-name=\"yourEmail\"><input size=\"40\" maxlength=\"400\" class=\"wpcf7-form-control wpcf7-email wpcf7-validates-as-required wpcf7-text wpcf7-validates-as-email form-control\" id=\"yourEmail\" aria-required=\"true\" aria-invalid=\"false\" placeholder=\"Your Email\" value=\"\" type=\"email\" name=\"yourEmail\" \/><\/span>\n\t\t\t<\/p>\n\t\t<\/div>\n\t\t<div class=\"form-group col-sm-12\">\n\t\t\t<p><span class=\"wpcf7-form-control-wrap\" data-name=\"yourPhone\"><input size=\"40\" maxlength=\"400\" class=\"wpcf7-form-control wpcf7-text wpcf7-validates-as-required form-control\" id=\"phoneNumber\" aria-required=\"true\" aria-invalid=\"false\" placeholder=\"Phone Number\" value=\"\" type=\"text\" name=\"yourPhone\" \/><\/span>\n\t\t\t<\/p>\n\t\t<\/div>\n\t<\/div>\n\t<div class=\"input-content\">\n\t\t<div class=\"form-group form-textarea\">\n\t\t\t<p><span class=\"wpcf7-form-control-wrap\" data-name=\"comments\"><textarea cols=\"40\" rows=\"6\" maxlength=\"2000\" class=\"wpcf7-form-control wpcf7-textarea wpcf7-validates-as-required form-control\" id=\"textarea\" aria-required=\"true\" aria-invalid=\"false\" placeholder=\"Your Messages\" name=\"comments\"><\/textarea><\/span>\n\t\t\t<\/p>\n\t\t<\/div>\n\t<\/div>\n\t<p><input class=\"wpcf7-form-control wpcf7-submit has-spinner ot-btn btn-main-color btn-long text-cap btn-submit\" type=\"submit\" value=\"Send Mail\" \/>\n\t<\/p>\n<\/div><p style=\"display: none !important;\" class=\"akismet-fields-container\" data-prefix=\"_wpcf7_ak_\"><label>&#916;<textarea name=\"_wpcf7_ak_hp_textarea\" cols=\"45\" rows=\"8\" maxlength=\"100\"><\/textarea><\/label><input type=\"hidden\" id=\"ak_js_1\" name=\"_wpcf7_ak_js\" value=\"99\"\/><script data-jetpack-boost=\"ignore\">document.getElementById( \"ak_js_1\" ).setAttribute( \"value\", ( new Date() ).getTime() );<\/script><\/p><input type='hidden' class='wpcf7-pum' value='{\"closepopup\":false,\"closedelay\":0,\"openpopup\":false,\"openpopup_id\":0}' \/><div class=\"wpcf7-response-output\" aria-hidden=\"true\"><\/div>\n<\/form>\n<\/div>\n[\/vc_column][vc_column width=&#8221;1\/2&#8243; css=&#8221;.vc_custom_1479367825967{padding-left: 30px !important;}&#8221;]\n  <h3 class= \"title\" style=\"text-align: left;font-weight: 400;margin-bottom: 36px;\" > \u0130LET\u0130\u015e\u0130M B\u0130LG\u0130LER\u0130<\/h3> \n\n[vc_column_text css=&#8221;.vc_custom_1585303344889{margin-bottom: 10px !important;}&#8221;]<\/p>\n<ul class=\"address\">\n<li><i class=\"fa fa-industry\"><\/i>\u00a0\u00a0 <strong>Fabrika :<\/strong> Dipsiz Mevkii 48500 Yata\u011fan Mu\u011fla<\/li>\n<li><i class=\"fa fa-cubes\"><\/i>\u00a0 \u00a0<strong>Ocak :<\/strong> Yata\u011fan-Bodrum Karayolu 5.Km 48500 Yata\u011fan Mu\u011fla<\/li>\n<li><i class=\"fa fa-phone\"><\/i>\u00a0\u00a0 (+90) 252 400 00 45<\/li>\n<li><i class=\"fa fa-envelope-o\"><\/i>\u00a0\u00a0 karmaden@karmaden.com<\/li>\n<li><i class=\"fa fa-clock-o\"><\/i>\u00a0\u00a0 Cmt-Per\u015f 08:00 &#8211; 18:00<\/li>\n<\/ul>\n<p>[\/vc_column_text][\/vc_column][\/vc_row][vc_row fullwidth=&#8221;yes&#8221;][vc_column][vc_gmaps link=&#8221;#E-8_JTNDaWZyYW1lJTIwc3JjJTNEJTIyaHR0cHMlM0ElMkYlMkZ3d3cuZ29vZ2xlLmNvbSUyRm1hcHMlMkZlbWJlZCUzRnBiJTNEJTIxMW0xOCUyMTFtMTIlMjExbTMlMjExZDQwNTExMy4xNjQxNTM3JTIxMmQyNy42NzI1NTIxMjM0MzU4MDclMjEzZDM3LjUwOTE3NzcxNDYxMDAyJTIxMm0zJTIxMWYwJTIxMmYwJTIxM2YwJTIxM20yJTIxMWkxMDI0JTIxMmk3NjglMjE0ZjEzLjElMjEzbTMlMjExbTIlMjExczB4MTRiZjE5ZDY4ODk5MTQ1ZiUyNTNBMHg4YzVhM2ZiZTQxYjUwMjc2JTIxMnNLYXIlMjUyME1hZGVuJTIxNWUwJTIxM20yJTIxMXN0ciUyMTJzdHIlMjE0djE2ODcwODk3MDM1MTklMjE1bTIlMjExc3RyJTIxMnN0ciUyMiUyMHdpZHRoJTNEJTIyNjAwJTIyJTIwaGVpZ2h0JTNEJTIyNDUwJTIyJTIwc3R5bGUlM0QlMjJib3JkZXIlM0EwJTNCJTIyJTIwYWxsb3dmdWxsc2NyZWVuJTNEJTIyJTIyJTIwbG9hZGluZyUzRCUyMmxhenklMjIlMjByZWZlcnJlcnBvbGljeSUzRCUyMm5vLXJlZmVycmVyLXdoZW4tZG93bmdyYWRlJTIyJTNFJTNDJTJGaWZyYW1lJTNF&#8221;][\/vc_column][\/vc_row]<\/p>\n","protected":false},"excerpt":{"rendered":"<p>[vc_row el_class=&#8221;padding&#8221;][vc_column width=&#8221;1\/2&#8243; css=&#8221;.vc_custom_1479367821216{padding-right: 30px !important;}&#8221;][\/vc_column][vc_column width=&#8221;1\/2&#8243; css=&#8221;.vc_custom_1479367825967{padding-left: 30px !important;}&#8221;][vc_column_text css=&#8221;.vc_custom_1585303344889{margin-bottom: 10px !important;}&#8221;] \u00a0\u00a0 Fabrika : Dipsiz Mevkii 48500 Yata\u011fan Mu\u011fla \u00a0 \u00a0Ocak : Yata\u011fan-Bodrum Karayolu 5.Km 48500 Yata\u011fan Mu\u011fla \u00a0\u00a0 (+90) 252 400 00 45 \u00a0\u00a0 karmaden@karmaden.com \u00a0\u00a0 Cmt-Per\u015f 08:00 &#8211; 18:00 [\/vc_column_text][\/vc_column][\/vc_row][vc_row fullwidth=&#8221;yes&#8221;][vc_column][vc_gmaps link=&#8221;#E-8_JTNDaWZyYW1lJTIwc3JjJTNEJTIyaHR0cHMlM0ElMkYlMkZ3d3cuZ29vZ2xlLmNvbSUyRm1hcHMlMkZlbWJlZCUzRnBiJTNEJTIxMW0xOCUyMTFtMTIlMjExbTMlMjExZDQwNTExMy4xNjQxNTM3JTIxMmQyNy42NzI1NTIxMjM0MzU4MDclMjEzZDM3LjUwOTE3NzcxNDYxMDAyJTIxMm0zJTIxMWYwJTIxMmYwJTIxM2YwJTIxM20yJTIxMWkxMDI0JTIxMmk3NjglMjE0ZjEzLjElMjEzbTMlMjExbTIlMjExczB4MTRiZjE5ZDY4ODk5MTQ1ZiUyNTNBMHg4YzVhM2ZiZTQxYjUwMjc2JTIxMnNLYXIlMjUyME1hZGVuJTIxNWUwJTIxM20yJTIxMXN0ciUyMTJzdHIlMjE0djE2ODcwODk3MDM1MTklMjE1bTIlMjExc3RyJTIxMnN0ciUyMiUyMHdpZHRoJTNEJTIyNjAwJTIyJTIwaGVpZ2h0JTNEJTIyNDUwJTIyJTIwc3R5bGUlM0QlMjJib3JkZXIlM0EwJTNCJTIyJTIwYWxsb3dmdWxsc2NyZWVuJTNEJTIyJTIyJTIwbG9hZGluZyUzRCUyMmxhenklMjIlMjByZWZlcnJlcnBvbGljeSUzRCUyMm5vLXJlZmVycmVyLXdoZW4tZG93bmdyYWRlJTIyJTNFJTNDJTJGaWZyYW1lJTNF&#8221;][\/vc_column][\/vc_row]<\/p>\n","protected":false},"author":179465590,"featured_media":0,"parent":0,"menu_order":0,"comment_status":"closed","ping_status":"closed","template":"page-templates\/template-fullwidth.php","meta":{"_monsterinsights_skip_tracking":false,"_monsterinsights_sitenote_active":false,"_monsterinsights_sitenote_note":"","_monsterinsights_sitenote_category":0,"jetpack_post_was_ever_published":false,"footnotes":""},"class_list":["post-2285","page","type-page","status-publish","hentry"],"yoast_head":"<!-- This site is optimized with the Yoast SEO plugin v27.3 - https:\/\/yoast.com\/product\/yoast-seo-wordpress\/ -->\n<title>\u0130leti\u015fim &#8211; Kar Maden<\/title>\n<meta name=\"description\" content=\"Kar Maden Ebatl\u0131 mermer plakalar, mermer levhalar, mermer bloklar\u0131. B\u00fct\u00e7enize uygun modern mermer \u00e7\u00f6z\u00fcmleri i\u00e7in bize ula\u015fabilirsiniz.\" \/>\n<meta name=\"robots\" content=\"index, follow, max-snippet:-1, max-image-preview:large, max-video-preview:-1\" \/>\n<link rel=\"canonical\" href=\"https:\/\/karmaden.com\/tr\/iletisim\/\" \/>\n<meta property=\"og:locale\" content=\"tr_TR\" \/>\n<meta property=\"og:type\" content=\"article\" \/>\n<meta property=\"og:title\" content=\"\u0130leti\u015fim &#8211; Kar Maden\" \/>\n<meta property=\"og:description\" content=\"Kar Maden Ebatl\u0131 mermer plakalar, mermer levhalar, mermer bloklar\u0131. B\u00fct\u00e7enize uygun modern mermer \u00e7\u00f6z\u00fcmleri i\u00e7in bize ula\u015fabilirsiniz.\" \/>\n<meta property=\"og:url\" content=\"https:\/\/karmaden.com\/tr\/iletisim\/\" \/>\n<meta property=\"og:site_name\" content=\"Kar Maden\" \/>\n<meta property=\"article:publisher\" content=\"https:\/\/www.facebook.com\/kar.maden.56\" \/>\n<meta property=\"article:modified_time\" content=\"2023-06-18T12:09:46+00:00\" \/>\n<meta name=\"twitter:card\" content=\"summary_large_image\" \/>\n<meta name=\"twitter:label1\" content=\"Tahmini okuma s\u00fcresi\" \/>\n\t<meta name=\"twitter:data1\" content=\"1 dakika\" \/>\n<script type=\"application\/ld+json\" class=\"yoast-schema-graph\">{\"@context\":\"https:\\\/\\\/schema.org\",\"@graph\":[{\"@type\":\"WebPage\",\"@id\":\"https:\\\/\\\/karmaden.com\\\/tr\\\/iletisim\\\/\",\"url\":\"https:\\\/\\\/karmaden.com\\\/tr\\\/iletisim\\\/\",\"name\":\"\u0130leti\u015fim &#8211; Kar Maden\",\"isPartOf\":{\"@id\":\"https:\\\/\\\/karmaden.com\\\/#website\"},\"datePublished\":\"2020-03-03T07:28:20+00:00\",\"dateModified\":\"2023-06-18T12:09:46+00:00\",\"description\":\"Kar Maden Ebatl\u0131 mermer plakalar, mermer levhalar, mermer bloklar\u0131. B\u00fct\u00e7enize uygun modern mermer \u00e7\u00f6z\u00fcmleri i\u00e7in bize ula\u015fabilirsiniz.\",\"breadcrumb\":{\"@id\":\"https:\\\/\\\/karmaden.com\\\/tr\\\/iletisim\\\/#breadcrumb\"},\"inLanguage\":\"tr\",\"potentialAction\":[{\"@type\":\"ReadAction\",\"target\":[\"https:\\\/\\\/karmaden.com\\\/tr\\\/iletisim\\\/\"]}]},{\"@type\":\"BreadcrumbList\",\"@id\":\"https:\\\/\\\/karmaden.com\\\/tr\\\/iletisim\\\/#breadcrumb\",\"itemListElement\":[{\"@type\":\"ListItem\",\"position\":1,\"name\":\"Home\",\"item\":\"https:\\\/\\\/karmaden.com\\\/tr\\\/\"},{\"@type\":\"ListItem\",\"position\":2,\"name\":\"\u0130leti\u015fim\"}]},{\"@type\":\"WebSite\",\"@id\":\"https:\\\/\\\/karmaden.com\\\/#website\",\"url\":\"https:\\\/\\\/karmaden.com\\\/\",\"name\":\"Kar Maden\",\"description\":\"Marble Slabs, Marble Tiles, Block of Marble\",\"publisher\":{\"@id\":\"https:\\\/\\\/karmaden.com\\\/#organization\"},\"potentialAction\":[{\"@type\":\"SearchAction\",\"target\":{\"@type\":\"EntryPoint\",\"urlTemplate\":\"https:\\\/\\\/karmaden.com\\\/?s={search_term_string}\"},\"query-input\":{\"@type\":\"PropertyValueSpecification\",\"valueRequired\":true,\"valueName\":\"search_term_string\"}}],\"inLanguage\":\"tr\"},{\"@type\":\"Organization\",\"@id\":\"https:\\\/\\\/karmaden.com\\\/#organization\",\"name\":\"Kar Maden\",\"url\":\"https:\\\/\\\/karmaden.com\\\/\",\"logo\":{\"@type\":\"ImageObject\",\"inLanguage\":\"tr\",\"@id\":\"https:\\\/\\\/karmaden.com\\\/#\\\/schema\\\/logo\\\/image\\\/\",\"url\":\"\",\"contentUrl\":\"\",\"caption\":\"Kar Maden\"},\"image\":{\"@id\":\"https:\\\/\\\/karmaden.com\\\/#\\\/schema\\\/logo\\\/image\\\/\"},\"sameAs\":[\"https:\\\/\\\/www.facebook.com\\\/kar.maden.56\",\"https:\\\/\\\/www.instagram.com\\\/kar_maden\\\/?hl=en\",\"https:\\\/\\\/www.linkedin.com\\\/company\\\/kar-maden\"]}]}<\/script>\n<!-- \/ Yoast SEO plugin. -->","yoast_head_json":{"title":"\u0130leti\u015fim &#8211; Kar Maden","description":"Kar Maden Ebatl\u0131 mermer plakalar, mermer levhalar, mermer bloklar\u0131. B\u00fct\u00e7enize uygun modern mermer \u00e7\u00f6z\u00fcmleri i\u00e7in bize ula\u015fabilirsiniz.","robots":{"index":"index","follow":"follow","max-snippet":"max-snippet:-1","max-image-preview":"max-image-preview:large","max-video-preview":"max-video-preview:-1"},"canonical":"https:\/\/karmaden.com\/tr\/iletisim\/","og_locale":"tr_TR","og_type":"article","og_title":"\u0130leti\u015fim &#8211; Kar Maden","og_description":"Kar Maden Ebatl\u0131 mermer plakalar, mermer levhalar, mermer bloklar\u0131. B\u00fct\u00e7enize uygun modern mermer \u00e7\u00f6z\u00fcmleri i\u00e7in bize ula\u015fabilirsiniz.","og_url":"https:\/\/karmaden.com\/tr\/iletisim\/","og_site_name":"Kar Maden","article_publisher":"https:\/\/www.facebook.com\/kar.maden.56","article_modified_time":"2023-06-18T12:09:46+00:00","twitter_card":"summary_large_image","twitter_misc":{"Tahmini okuma s\u00fcresi":"1 dakika"},"schema":{"@context":"https:\/\/schema.org","@graph":[{"@type":"WebPage","@id":"https:\/\/karmaden.com\/tr\/iletisim\/","url":"https:\/\/karmaden.com\/tr\/iletisim\/","name":"\u0130leti\u015fim &#8211; Kar Maden","isPartOf":{"@id":"https:\/\/karmaden.com\/#website"},"datePublished":"2020-03-03T07:28:20+00:00","dateModified":"2023-06-18T12:09:46+00:00","description":"Kar Maden Ebatl\u0131 mermer plakalar, mermer levhalar, mermer bloklar\u0131. B\u00fct\u00e7enize uygun modern mermer \u00e7\u00f6z\u00fcmleri i\u00e7in bize ula\u015fabilirsiniz.","breadcrumb":{"@id":"https:\/\/karmaden.com\/tr\/iletisim\/#breadcrumb"},"inLanguage":"tr","potentialAction":[{"@type":"ReadAction","target":["https:\/\/karmaden.com\/tr\/iletisim\/"]}]},{"@type":"BreadcrumbList","@id":"https:\/\/karmaden.com\/tr\/iletisim\/#breadcrumb","itemListElement":[{"@type":"ListItem","position":1,"name":"Home","item":"https:\/\/karmaden.com\/tr\/"},{"@type":"ListItem","position":2,"name":"\u0130leti\u015fim"}]},{"@type":"WebSite","@id":"https:\/\/karmaden.com\/#website","url":"https:\/\/karmaden.com\/","name":"Kar Maden","description":"Marble Slabs, Marble Tiles, Block of Marble","publisher":{"@id":"https:\/\/karmaden.com\/#organization"},"potentialAction":[{"@type":"SearchAction","target":{"@type":"EntryPoint","urlTemplate":"https:\/\/karmaden.com\/?s={search_term_string}"},"query-input":{"@type":"PropertyValueSpecification","valueRequired":true,"valueName":"search_term_string"}}],"inLanguage":"tr"},{"@type":"Organization","@id":"https:\/\/karmaden.com\/#organization","name":"Kar Maden","url":"https:\/\/karmaden.com\/","logo":{"@type":"ImageObject","inLanguage":"tr","@id":"https:\/\/karmaden.com\/#\/schema\/logo\/image\/","url":"","contentUrl":"","caption":"Kar Maden"},"image":{"@id":"https:\/\/karmaden.com\/#\/schema\/logo\/image\/"},"sameAs":["https:\/\/www.facebook.com\/kar.maden.56","https:\/\/www.instagram.com\/kar_maden\/?hl=en","https:\/\/www.linkedin.com\/company\/kar-maden"]}]}},"jetpack_sharing_enabled":false,"jetpack_likes_enabled":false,"jetpack_shortlink":"https:\/\/wp.me\/PbFbLT-AR","_links":{"self":[{"href":"https:\/\/karmaden.com\/tr\/wp-json\/wp\/v2\/pages\/2285","targetHints":{"allow":["GET"]}}],"collection":[{"href":"https:\/\/karmaden.com\/tr\/wp-json\/wp\/v2\/pages"}],"about":[{"href":"https:\/\/karmaden.com\/tr\/wp-json\/wp\/v2\/types\/page"}],"author":[{"embeddable":true,"href":"https:\/\/karmaden.com\/tr\/wp-json\/wp\/v2\/users\/179465590"}],"replies":[{"embeddable":true,"href":"https:\/\/karmaden.com\/tr\/wp-json\/wp\/v2\/comments?post=2285"}],"version-history":[{"count":1,"href":"https:\/\/karmaden.com\/tr\/wp-json\/wp\/v2\/pages\/2285\/revisions"}],"predecessor-version":[{"id":14164,"href":"https:\/\/karmaden.com\/tr\/wp-json\/wp\/v2\/pages\/2285\/revisions\/14164"}],"wp:attachment":[{"href":"https:\/\/karmaden.com\/tr\/wp-json\/wp\/v2\/media?parent=2285"}],"curies":[{"name":"wp","href":"https:\/\/api.w.org\/{rel}","templated":true}]}}