{"id":3967,"date":"2020-03-25T17:52:37","date_gmt":"2020-03-25T17:52:37","guid":{"rendered":"https:\/\/karmadendotcom.wpcomstaging.com\/products\/objects-furniture\/"},"modified":"2021-03-06T18:31:59","modified_gmt":"2021-03-06T15:31:59","slug":"objects-furniture","status":"publish","type":"page","link":"https:\/\/karmaden.com\/tr\/objects-furniture\/","title":{"rendered":"Objeler &#038; Mobilya"},"content":{"rendered":"<p>[vc_row css=&#8221;.vc_custom_1479264357214{margin-top: 30px !important;}&#8221;][vc_column width=&#8221;1\/2&#8243; el_class=&#8221;header-pj-style-1&#8243;]\n  <h3 style=\"text-align: left;font-weight: 300;\" > <\/h3> \n\n[\/vc_column][vc_column width=&#8221;1\/2&#8243; el_class=&#8221;right header-pj-style-1&#8243;]    <div class=\"social-share\">\n      <p>:<\/p>\n        \n                                            <\/div>\n  [\/vc_column][vc_column][vc_separator color=&#8221;custom&#8221; accent_color=&#8221;#e5e5e5&#8243; css=&#8221;.vc_custom_1479266218849{margin-top: 0px !important;margin-bottom: 20px !important;}&#8221;][\/vc_column][\/vc_row][vc_row css=&#8221;.vc_custom_1479267127944{margin-bottom: 45px !important;}&#8221;][vc_column width=&#8221;1\/3&#8243;]    <div class=\"pj-info\">\n              <div><h5>Online al\u0131\u015f-veri\u015f i\u00e7in: <a href=\"https:\/\/www.decoreyhome.com\/\" rel=\"nofollow\">https:\/\/www.decoreyhome.com\/<\/a><\/h5><\/div>\n      \n       \n    <\/div>\n  [\/vc_column][vc_column width=&#8221;2\/3&#8243;][vc_column_text][\/vc_column_text][\/vc_column][\/vc_row][vc_row][vc_column][vc_masonry_media_grid grid_id=&#8221;vc_gid:1586965542599-3d78cf36-3f92-1&#8243; include=&#8221;4006,4010,4014,4018,4022,4026,4030,4034,4038,4108,4112&#8243;][\/vc_column][\/vc_row]<\/p>\n","protected":false},"excerpt":{"rendered":"<p>[vc_row css=&#8221;.vc_custom_1479264357214{margin-top: 30px !important;}&#8221;][vc_column width=&#8221;1\/2&#8243; el_class=&#8221;header-pj-style-1&#8243;][\/vc_column][vc_column width=&#8221;1\/2&#8243; el_class=&#8221;right header-pj-style-1&#8243;][\/vc_column][vc_column][vc_separator color=&#8221;custom&#8221; accent_color=&#8221;#e5e5e5&#8243; css=&#8221;.vc_custom_1479266218849{margin-top: 0px !important;margin-bottom: 20px !important;}&#8221;][\/vc_column][\/vc_row][vc_row css=&#8221;.vc_custom_1479267127944{margin-bottom: 45px !important;}&#8221;][vc_column width=&#8221;1\/3&#8243;][\/vc_column][vc_column width=&#8221;2\/3&#8243;][vc_column_text][\/vc_column_text][\/vc_column][\/vc_row][vc_row][vc_column][vc_masonry_media_grid grid_id=&#8221;vc_gid:1586965542599-3d78cf36-3f92-1&#8243; include=&#8221;4006,4010,4014,4018,4022,4026,4030,4034,4038,4108,4112&#8243;][\/vc_column][\/vc_row]<\/p>\n","protected":false},"author":179465590,"featured_media":0,"parent":0,"menu_order":0,"comment_status":"closed","ping_status":"closed","template":"page-templates\/template-fullwidth.php","meta":{"_monsterinsights_skip_tracking":false,"_monsterinsights_sitenote_active":false,"_monsterinsights_sitenote_note":"","_monsterinsights_sitenote_category":0,"jetpack_post_was_ever_published":false,"footnotes":""},"class_list":["post-3967","page","type-page","status-publish","hentry"],"yoast_head":"<!-- This site is optimized with the Yoast SEO plugin v27.3 - https:\/\/yoast.com\/product\/yoast-seo-wordpress\/ -->\n<title>Objeler &amp; Mobilya &#8211; Kar Maden<\/title>\n<meta name=\"description\" content=\"Kar Maden&#039;e ho\u015f geldiniz. M\u00fc\u015fterilerimiz i\u00e7in \u00f6zg\u00fcn mobilyalar ve tarz objeler \u00fcretiyoruz. Kar Maden ile evinizin atmosferini de\u011fi\u015ftirin.\" \/>\n<meta name=\"robots\" content=\"index, follow, max-snippet:-1, max-image-preview:large, max-video-preview:-1\" \/>\n<link rel=\"canonical\" href=\"https:\/\/karmaden.com\/tr\/objects-furniture\/\" \/>\n<meta property=\"og:locale\" content=\"tr_TR\" \/>\n<meta property=\"og:type\" content=\"article\" \/>\n<meta property=\"og:title\" content=\"Objeler &amp; Mobilya &#8211; Kar Maden\" \/>\n<meta property=\"og:description\" content=\"Kar Maden&#039;e ho\u015f geldiniz. M\u00fc\u015fterilerimiz i\u00e7in \u00f6zg\u00fcn mobilyalar ve tarz objeler \u00fcretiyoruz. Kar Maden ile evinizin atmosferini de\u011fi\u015ftirin.\" \/>\n<meta property=\"og:url\" content=\"https:\/\/karmaden.com\/tr\/objects-furniture\/\" \/>\n<meta property=\"og:site_name\" content=\"Kar Maden\" \/>\n<meta property=\"article:publisher\" content=\"https:\/\/www.facebook.com\/kar.maden.56\" \/>\n<meta property=\"article:modified_time\" content=\"2021-03-06T15:31:59+00:00\" \/>\n<meta name=\"twitter:card\" content=\"summary_large_image\" \/>\n<meta name=\"twitter:label1\" content=\"Tahmini okuma s\u00fcresi\" \/>\n\t<meta name=\"twitter:data1\" content=\"1 dakika\" \/>\n<script type=\"application\/ld+json\" class=\"yoast-schema-graph\">{\"@context\":\"https:\\\/\\\/schema.org\",\"@graph\":[{\"@type\":\"WebPage\",\"@id\":\"https:\\\/\\\/karmaden.com\\\/tr\\\/objects-furniture\\\/\",\"url\":\"https:\\\/\\\/karmaden.com\\\/tr\\\/objects-furniture\\\/\",\"name\":\"Objeler & Mobilya &#8211; Kar Maden\",\"isPartOf\":{\"@id\":\"https:\\\/\\\/karmaden.com\\\/#website\"},\"datePublished\":\"2020-03-25T17:52:37+00:00\",\"dateModified\":\"2021-03-06T15:31:59+00:00\",\"description\":\"Kar Maden'e ho\u015f geldiniz. M\u00fc\u015fterilerimiz i\u00e7in \u00f6zg\u00fcn mobilyalar ve tarz objeler \u00fcretiyoruz. Kar Maden ile evinizin atmosferini de\u011fi\u015ftirin.\",\"breadcrumb\":{\"@id\":\"https:\\\/\\\/karmaden.com\\\/tr\\\/objects-furniture\\\/#breadcrumb\"},\"inLanguage\":\"tr\",\"potentialAction\":[{\"@type\":\"ReadAction\",\"target\":[\"https:\\\/\\\/karmaden.com\\\/tr\\\/objects-furniture\\\/\"]}]},{\"@type\":\"BreadcrumbList\",\"@id\":\"https:\\\/\\\/karmaden.com\\\/tr\\\/objects-furniture\\\/#breadcrumb\",\"itemListElement\":[{\"@type\":\"ListItem\",\"position\":1,\"name\":\"Home\",\"item\":\"https:\\\/\\\/karmaden.com\\\/tr\\\/\"},{\"@type\":\"ListItem\",\"position\":2,\"name\":\"Objeler &#038; Mobilya\"}]},{\"@type\":\"WebSite\",\"@id\":\"https:\\\/\\\/karmaden.com\\\/#website\",\"url\":\"https:\\\/\\\/karmaden.com\\\/\",\"name\":\"Kar Maden\",\"description\":\"Marble Slabs, Marble Tiles, Block of Marble\",\"publisher\":{\"@id\":\"https:\\\/\\\/karmaden.com\\\/#organization\"},\"potentialAction\":[{\"@type\":\"SearchAction\",\"target\":{\"@type\":\"EntryPoint\",\"urlTemplate\":\"https:\\\/\\\/karmaden.com\\\/?s={search_term_string}\"},\"query-input\":{\"@type\":\"PropertyValueSpecification\",\"valueRequired\":true,\"valueName\":\"search_term_string\"}}],\"inLanguage\":\"tr\"},{\"@type\":\"Organization\",\"@id\":\"https:\\\/\\\/karmaden.com\\\/#organization\",\"name\":\"Kar Maden\",\"url\":\"https:\\\/\\\/karmaden.com\\\/\",\"logo\":{\"@type\":\"ImageObject\",\"inLanguage\":\"tr\",\"@id\":\"https:\\\/\\\/karmaden.com\\\/#\\\/schema\\\/logo\\\/image\\\/\",\"url\":\"\",\"contentUrl\":\"\",\"caption\":\"Kar Maden\"},\"image\":{\"@id\":\"https:\\\/\\\/karmaden.com\\\/#\\\/schema\\\/logo\\\/image\\\/\"},\"sameAs\":[\"https:\\\/\\\/www.facebook.com\\\/kar.maden.56\",\"https:\\\/\\\/www.instagram.com\\\/kar_maden\\\/?hl=en\",\"https:\\\/\\\/www.linkedin.com\\\/company\\\/kar-maden\"]}]}<\/script>\n<!-- \/ Yoast SEO plugin. -->","yoast_head_json":{"title":"Objeler & Mobilya &#8211; Kar Maden","description":"Kar Maden'e ho\u015f geldiniz. M\u00fc\u015fterilerimiz i\u00e7in \u00f6zg\u00fcn mobilyalar ve tarz objeler \u00fcretiyoruz. Kar Maden ile evinizin atmosferini de\u011fi\u015ftirin.","robots":{"index":"index","follow":"follow","max-snippet":"max-snippet:-1","max-image-preview":"max-image-preview:large","max-video-preview":"max-video-preview:-1"},"canonical":"https:\/\/karmaden.com\/tr\/objects-furniture\/","og_locale":"tr_TR","og_type":"article","og_title":"Objeler & Mobilya &#8211; Kar Maden","og_description":"Kar Maden'e ho\u015f geldiniz. M\u00fc\u015fterilerimiz i\u00e7in \u00f6zg\u00fcn mobilyalar ve tarz objeler \u00fcretiyoruz. Kar Maden ile evinizin atmosferini de\u011fi\u015ftirin.","og_url":"https:\/\/karmaden.com\/tr\/objects-furniture\/","og_site_name":"Kar Maden","article_publisher":"https:\/\/www.facebook.com\/kar.maden.56","article_modified_time":"2021-03-06T15:31:59+00:00","twitter_card":"summary_large_image","twitter_misc":{"Tahmini okuma s\u00fcresi":"1 dakika"},"schema":{"@context":"https:\/\/schema.org","@graph":[{"@type":"WebPage","@id":"https:\/\/karmaden.com\/tr\/objects-furniture\/","url":"https:\/\/karmaden.com\/tr\/objects-furniture\/","name":"Objeler & Mobilya &#8211; Kar Maden","isPartOf":{"@id":"https:\/\/karmaden.com\/#website"},"datePublished":"2020-03-25T17:52:37+00:00","dateModified":"2021-03-06T15:31:59+00:00","description":"Kar Maden'e ho\u015f geldiniz. M\u00fc\u015fterilerimiz i\u00e7in \u00f6zg\u00fcn mobilyalar ve tarz objeler \u00fcretiyoruz. Kar Maden ile evinizin atmosferini de\u011fi\u015ftirin.","breadcrumb":{"@id":"https:\/\/karmaden.com\/tr\/objects-furniture\/#breadcrumb"},"inLanguage":"tr","potentialAction":[{"@type":"ReadAction","target":["https:\/\/karmaden.com\/tr\/objects-furniture\/"]}]},{"@type":"BreadcrumbList","@id":"https:\/\/karmaden.com\/tr\/objects-furniture\/#breadcrumb","itemListElement":[{"@type":"ListItem","position":1,"name":"Home","item":"https:\/\/karmaden.com\/tr\/"},{"@type":"ListItem","position":2,"name":"Objeler &#038; Mobilya"}]},{"@type":"WebSite","@id":"https:\/\/karmaden.com\/#website","url":"https:\/\/karmaden.com\/","name":"Kar Maden","description":"Marble Slabs, Marble Tiles, Block of Marble","publisher":{"@id":"https:\/\/karmaden.com\/#organization"},"potentialAction":[{"@type":"SearchAction","target":{"@type":"EntryPoint","urlTemplate":"https:\/\/karmaden.com\/?s={search_term_string}"},"query-input":{"@type":"PropertyValueSpecification","valueRequired":true,"valueName":"search_term_string"}}],"inLanguage":"tr"},{"@type":"Organization","@id":"https:\/\/karmaden.com\/#organization","name":"Kar Maden","url":"https:\/\/karmaden.com\/","logo":{"@type":"ImageObject","inLanguage":"tr","@id":"https:\/\/karmaden.com\/#\/schema\/logo\/image\/","url":"","contentUrl":"","caption":"Kar Maden"},"image":{"@id":"https:\/\/karmaden.com\/#\/schema\/logo\/image\/"},"sameAs":["https:\/\/www.facebook.com\/kar.maden.56","https:\/\/www.instagram.com\/kar_maden\/?hl=en","https:\/\/www.linkedin.com\/company\/kar-maden"]}]}},"jetpack_sharing_enabled":false,"jetpack_likes_enabled":false,"jetpack_shortlink":"https:\/\/wp.me\/PbFbLT-11Z","_links":{"self":[{"href":"https:\/\/karmaden.com\/tr\/wp-json\/wp\/v2\/pages\/3967","targetHints":{"allow":["GET"]}}],"collection":[{"href":"https:\/\/karmaden.com\/tr\/wp-json\/wp\/v2\/pages"}],"about":[{"href":"https:\/\/karmaden.com\/tr\/wp-json\/wp\/v2\/types\/page"}],"author":[{"embeddable":true,"href":"https:\/\/karmaden.com\/tr\/wp-json\/wp\/v2\/users\/179465590"}],"replies":[{"embeddable":true,"href":"https:\/\/karmaden.com\/tr\/wp-json\/wp\/v2\/comments?post=3967"}],"version-history":[{"count":0,"href":"https:\/\/karmaden.com\/tr\/wp-json\/wp\/v2\/pages\/3967\/revisions"}],"wp:attachment":[{"href":"https:\/\/karmaden.com\/tr\/wp-json\/wp\/v2\/media?parent=3967"}],"curies":[{"name":"wp","href":"https:\/\/api.w.org\/{rel}","templated":true}]}}