{"id":4075,"date":"2020-03-25T18:26:00","date_gmt":"2020-03-25T18:26:00","guid":{"rendered":"https:\/\/karmadendotcom.wpcomstaging.com\/products\/blocks\/"},"modified":"2023-02-07T21:45:40","modified_gmt":"2023-02-07T18:45:40","slug":"blok-mermer","status":"publish","type":"page","link":"https:\/\/karmaden.com\/tr\/blok-mermer\/","title":{"rendered":"Blok Mermer"},"content":{"rendered":"<p>[vc_row css=&#8221;.vc_custom_1615795654826{padding-top: 64px !important;}&#8221;][vc_column][vc_masonry_media_grid grid_id=&#8221;vc_gid:1675795487829-63c19f18-b0f5-5&#8243; include=&#8221;8835,8833,8831,8829,8827,8825,8823,8821,8819&#8243;][\/vc_column][\/vc_row][vc_row css=&#8221;.vc_custom_1613755455915{padding-top: 50px !important;}&#8221;][vc_column]\n  <h4 class= \"title\" style=\"text-align: left;font-weight: 500;\" > Blok Mermer<\/h4> \n\n[vc_column_text css_animation=&#8221;none&#8221;]Blok mermer; Antik bir yap\u0131 malzemesi olan mermerin ocaktan yeni \u00e7\u0131kar\u0131lm\u0131\u015f ve i\u015flenmemi\u015f halidir. Do\u011fada bulunan mermer \u00e7e\u015fitli kesme y\u00f6ntemleri kullan\u0131larak bloklar halinde \u00e7\u0131kar\u0131l\u0131r. <span style=\"font-family: -apple-system, BlinkMacSystemFont, 'Segoe UI', Roboto, Oxygen-Sans, Ubuntu, Cantarell, 'Helvetica Neue', sans-serif;\">Kar Maden olarak mermer \u00e7\u0131karma i\u015flemlerimizi en modern y\u00f6ntemlerden biri olan elmas tel kesme y\u00f6ntemi ile ger\u00e7ekle\u015ftirmekteyiz.<\/span><\/p>\n<p>Bloklar halinde \u00e7\u0131kar\u0131lan bir maden \u00e7e\u015fidi oldu\u011fundan talebe uygun bir \u015fekilde blok sat\u0131\u015f\u0131 ger\u00e7ekle\u015ftirilmesi m\u00fcmk\u00fcn olur. Farkl\u0131 ebat ve a\u011f\u0131rl\u0131klardaki bloklar\u0131n kalitesi konusunda nitelikli \u00e7al\u0131\u015fmalar yap\u0131l\u0131r. Bu anlamda mermerin son kullan\u0131c\u0131ya ula\u015ft\u0131r\u0131lmadan \u00f6nce de\u011ferli bir yap\u0131 malzemesine d\u00f6n\u00fc\u015ft\u00fcr\u00fclmesi sa\u011flan\u0131r. Genellikle mermer i\u015fleyen fabrikalar ve b\u00fcy\u00fck i\u015f ortaklar\u0131m\u0131za sa\u011flad\u0131\u011f\u0131m\u0131z bloklardan siz de faydalanabilirsiniz.<\/p>\n<p>Kar Maden olarak ihracat kalemlerimizin temelini te\u015fkil eden bloklar\u0131n kusursuzlu\u011funu sa\u011flamay\u0131 en b\u00fcy\u00fck hedefimiz kabul ediyoruz. \u00dcstelik \u00e7e\u015fitlilikte de standartlar\u0131 g\u00f6z ard\u0131 etmeden size \u00f6zel \u00e7\u00f6z\u00fcmler sunmay\u0131 hedefliyoruz.[\/vc_column_text][\/vc_column][\/vc_row][vc_row][vc_column]\n  <h4 class= \"title\" style=\"text-align: left;font-weight: 500;\" > Blok Mermer \u00c7e\u015fitleri<\/h4> \n\n[vc_column_text]Blok mermer \u00e7e\u015fitleri temel manada mermer ile benzer \u00f6zellikler g\u00f6sterir. Bloklar\u0131n ay\u0131rt edici yan\u0131 hen\u00fcz i\u015flenmemi\u015f ve bir uygulamaya tabi olmam\u0131\u015f halde bulunmalar\u0131d\u0131r. Do\u011fadan al\u0131nd\u0131\u011f\u0131 hali ile sizlerle bulu\u015fturulan bloklar\u0131n talebinize uygun bir \u015fekilde i\u015flenmesi ya da ham olarak sizlere ula\u015ft\u0131r\u0131lmas\u0131 m\u00fcmk\u00fcnd\u00fcr.<\/p>\n<p>T\u00fcrkiye\u2019nin en de\u011ferli maden kaynaklar\u0131ndan bir tanesi olan mermeri blok \u015feklinde sat\u0131n ald\u0131\u011f\u0131n\u0131zda hem i\u00e7 mek\u00e2n hem de d\u0131\u015f mek\u00e2n tasar\u0131mlar\u0131na dahil edebilirsiniz. Talebinize \u00f6zel olarak \u015fekillendirilebilecek mermer se\u00e7enekleri i\u00e7in Kar Maden avantajlar\u0131ndan faydalanmaya ba\u015flay\u0131n![\/vc_column_text][\/vc_column][\/vc_row][vc_row css=&#8221;.vc_custom_1615800128491{padding-bottom: 16px !important;}&#8221;][vc_column]\n  <h4 class= \"title\" style=\"text-align: left;font-weight: 500;\" > Kar Maden Ayr\u0131cal\u0131klar Sunar!<\/h4> \n\n[vc_column_text]Sat\u0131n alma konusunda kaliteli bir tedarik\u00e7i ile i\u015f birli\u011fi yapman\u0131n sizin i\u00e7in ne denli de\u011ferli oldu\u011funu biliyoruz! Bu de\u011ferin kar\u015f\u0131l\u0131\u011f\u0131n\u0131 vermek ve taleplerinize uygun \u00e7\u00f6z\u00fcmler \u00fcretmek ad\u0131na blok ve di\u011fer mermer t\u00fcrlerimiz ile sizlere destek oluyoruz. Ulusal piyasada yakalad\u0131\u011f\u0131m\u0131z ba\u015far\u0131 ve uluslararas\u0131 anlamda Kar Maden kalitesini \u00f6n plana \u00e7\u0131karmam\u0131z ile mermerde en iyi olmay\u0131 hedefliyoruz.<\/p>\n<p>Siz de farkl\u0131 ihtiya\u00e7lar\u0131n\u0131za y\u00f6nelik mermer sat\u0131n almak istiyorsan\u0131z bizimle ileti\u015fime ge\u00e7erek ayr\u0131cal\u0131klar\u0131 hissedebilirsiniz. \u00d6zellikle mermer se\u00e7iminde zorlanan ve kaliteyi \u00f6nemseyen siz de\u011ferli m\u00fc\u015fterilerimize destek oluyoruz. Mermerde uzman bak\u0131\u015f a\u00e7\u0131s\u0131ndan yararlanmak i\u00e7in bizi araman\u0131z yeterli olacakt\u0131r.<\/p>\n<p>B\u00fct\u00fcn mermer \u00e7\u00f6z\u00fcmlerimiz ile ilgili sizlere yard\u0131mc\u0131 olmay\u0131 hedefliyoruz. Bizi arayarak mermer konusunda b\u00fct\u00fcn detaylara ula\u015fabilirsiniz.[\/vc_column_text][\/vc_column][\/vc_row][vc_row css=&#8221;.vc_custom_1615800120354{padding-top: 16px !important;padding-bottom: 64px !important;}&#8221;][vc_column]\n    <div class=\"text-center\">  <a href=\"https:\/\/karmadendotcom.wpcomstaging.com\/tr\/mermer-cesitleri\/\" class=\"ot-btn btn-rounded default-size-btn btn-maroon-color \">Di\u011fer Mermerler<\/a>\n  <\/div>  [\/vc_column][\/vc_row][vc_row][vc_column]\n    <div class=\"text-center\">  <a href=\"https:\/\/karmadendotcom.wpcomstaging.com\/tr\/catalogs\/\" class=\"ot-btn btn-rounded large-btn btn-blue-color \">Katalo\u011fumuzu \u0130nceleyin<\/a>\n  <\/div>  [\/vc_column][\/vc_row]<\/p>\n","protected":false},"excerpt":{"rendered":"<p>[vc_row css=&#8221;.vc_custom_1615795654826{padding-top: 64px !important;}&#8221;][vc_column][vc_masonry_media_grid grid_id=&#8221;vc_gid:1675795487829-63c19f18-b0f5-5&#8243; include=&#8221;8835,8833,8831,8829,8827,8825,8823,8821,8819&#8243;][\/vc_column][\/vc_row][vc_row css=&#8221;.vc_custom_1613755455915{padding-top: 50px !important;}&#8221;][vc_column][vc_column_text css_animation=&#8221;none&#8221;]Blok mermer; Antik bir yap\u0131 malzemesi olan mermerin ocaktan yeni \u00e7\u0131kar\u0131lm\u0131\u015f ve i\u015flenmemi\u015f halidir. Do\u011fada bulunan mermer \u00e7e\u015fitli kesme y\u00f6ntemleri kullan\u0131larak bloklar halinde \u00e7\u0131kar\u0131l\u0131r. Kar Maden olarak mermer \u00e7\u0131karma i\u015flemlerimizi en modern y\u00f6ntemlerden biri olan elmas tel kesme y\u00f6ntemi ile ger\u00e7ekle\u015ftirmekteyiz. Bloklar halinde \u00e7\u0131kar\u0131lan bir maden [&hellip;]<\/p>\n","protected":false},"author":179465590,"featured_media":0,"parent":0,"menu_order":0,"comment_status":"closed","ping_status":"closed","template":"page-templates\/template-fullwidth.php","meta":{"_monsterinsights_skip_tracking":false,"_monsterinsights_sitenote_active":false,"_monsterinsights_sitenote_note":"","_monsterinsights_sitenote_category":0,"footnotes":""},"class_list":["post-4075","page","type-page","status-publish","hentry"],"yoast_head":"<!-- This site is optimized with the Yoast SEO plugin v27.4 - https:\/\/yoast.com\/product\/yoast-seo-wordpress\/ -->\n<title>Blok Mermer &#8211; Kar Maden<\/title>\n<meta name=\"description\" content=\"blok mermer; Antik bir yap\u0131 malzemesi olan mermerin ocaktan yeni \u00e7\u0131kar\u0131lm\u0131\u015f ve i\u015flenmemi\u015f halidir. Kar Maden mermer blok \u00e7e\u015fitleri.\" \/>\n<meta name=\"robots\" content=\"index, follow, max-snippet:-1, max-image-preview:large, max-video-preview:-1\" \/>\n<link rel=\"canonical\" href=\"https:\/\/karmaden.com\/tr\/blok-mermer\/\" \/>\n<meta property=\"og:locale\" content=\"tr_TR\" \/>\n<meta property=\"og:type\" content=\"article\" \/>\n<meta property=\"og:title\" content=\"Blok Mermer &#8211; Kar Maden\" \/>\n<meta property=\"og:description\" content=\"blok mermer; Antik bir yap\u0131 malzemesi olan mermerin ocaktan yeni \u00e7\u0131kar\u0131lm\u0131\u015f ve i\u015flenmemi\u015f halidir. Kar Maden mermer blok \u00e7e\u015fitleri.\" \/>\n<meta property=\"og:url\" content=\"https:\/\/karmaden.com\/tr\/blok-mermer\/\" \/>\n<meta property=\"og:site_name\" content=\"Kar Maden\" \/>\n<meta property=\"article:publisher\" content=\"https:\/\/www.facebook.com\/kar.maden.56\" \/>\n<meta property=\"article:modified_time\" content=\"2023-02-07T18:45:40+00:00\" \/>\n<meta name=\"twitter:card\" content=\"summary_large_image\" \/>\n<meta name=\"twitter:label1\" content=\"Tahmini okuma s\u00fcresi\" \/>\n\t<meta name=\"twitter:data1\" content=\"2 dakika\" \/>\n<script type=\"application\/ld+json\" class=\"yoast-schema-graph\">{\"@context\":\"https:\\\/\\\/schema.org\",\"@graph\":[{\"@type\":\"WebPage\",\"@id\":\"https:\\\/\\\/karmaden.com\\\/tr\\\/blok-mermer\\\/\",\"url\":\"https:\\\/\\\/karmaden.com\\\/tr\\\/blok-mermer\\\/\",\"name\":\"Blok Mermer &#8211; Kar Maden\",\"isPartOf\":{\"@id\":\"https:\\\/\\\/karmaden.com\\\/#website\"},\"datePublished\":\"2020-03-25T18:26:00+00:00\",\"dateModified\":\"2023-02-07T18:45:40+00:00\",\"description\":\"blok mermer; Antik bir yap\u0131 malzemesi olan mermerin ocaktan yeni \u00e7\u0131kar\u0131lm\u0131\u015f ve i\u015flenmemi\u015f halidir. Kar Maden mermer blok \u00e7e\u015fitleri.\",\"breadcrumb\":{\"@id\":\"https:\\\/\\\/karmaden.com\\\/tr\\\/blok-mermer\\\/#breadcrumb\"},\"inLanguage\":\"tr\",\"potentialAction\":[{\"@type\":\"ReadAction\",\"target\":[\"https:\\\/\\\/karmaden.com\\\/tr\\\/blok-mermer\\\/\"]}]},{\"@type\":\"BreadcrumbList\",\"@id\":\"https:\\\/\\\/karmaden.com\\\/tr\\\/blok-mermer\\\/#breadcrumb\",\"itemListElement\":[{\"@type\":\"ListItem\",\"position\":1,\"name\":\"Home\",\"item\":\"https:\\\/\\\/karmaden.com\\\/tr\\\/\"},{\"@type\":\"ListItem\",\"position\":2,\"name\":\"Blok Mermer\"}]},{\"@type\":\"WebSite\",\"@id\":\"https:\\\/\\\/karmaden.com\\\/#website\",\"url\":\"https:\\\/\\\/karmaden.com\\\/\",\"name\":\"Kar Maden\",\"description\":\"Marble Slabs, Marble Tiles, Block of Marble\",\"publisher\":{\"@id\":\"https:\\\/\\\/karmaden.com\\\/#organization\"},\"potentialAction\":[{\"@type\":\"SearchAction\",\"target\":{\"@type\":\"EntryPoint\",\"urlTemplate\":\"https:\\\/\\\/karmaden.com\\\/?s={search_term_string}\"},\"query-input\":{\"@type\":\"PropertyValueSpecification\",\"valueRequired\":true,\"valueName\":\"search_term_string\"}}],\"inLanguage\":\"tr\"},{\"@type\":\"Organization\",\"@id\":\"https:\\\/\\\/karmaden.com\\\/#organization\",\"name\":\"Kar Maden\",\"url\":\"https:\\\/\\\/karmaden.com\\\/\",\"logo\":{\"@type\":\"ImageObject\",\"inLanguage\":\"tr\",\"@id\":\"https:\\\/\\\/karmaden.com\\\/#\\\/schema\\\/logo\\\/image\\\/\",\"url\":\"\",\"contentUrl\":\"\",\"caption\":\"Kar Maden\"},\"image\":{\"@id\":\"https:\\\/\\\/karmaden.com\\\/#\\\/schema\\\/logo\\\/image\\\/\"},\"sameAs\":[\"https:\\\/\\\/www.facebook.com\\\/kar.maden.56\",\"https:\\\/\\\/www.instagram.com\\\/kar_maden\\\/?hl=en\",\"https:\\\/\\\/www.linkedin.com\\\/company\\\/kar-maden\"]}]}<\/script>\n<!-- \/ Yoast SEO plugin. -->","yoast_head_json":{"title":"Blok Mermer &#8211; Kar Maden","description":"blok mermer; Antik bir yap\u0131 malzemesi olan mermerin ocaktan yeni \u00e7\u0131kar\u0131lm\u0131\u015f ve i\u015flenmemi\u015f halidir. Kar Maden mermer blok \u00e7e\u015fitleri.","robots":{"index":"index","follow":"follow","max-snippet":"max-snippet:-1","max-image-preview":"max-image-preview:large","max-video-preview":"max-video-preview:-1"},"canonical":"https:\/\/karmaden.com\/tr\/blok-mermer\/","og_locale":"tr_TR","og_type":"article","og_title":"Blok Mermer &#8211; Kar Maden","og_description":"blok mermer; Antik bir yap\u0131 malzemesi olan mermerin ocaktan yeni \u00e7\u0131kar\u0131lm\u0131\u015f ve i\u015flenmemi\u015f halidir. Kar Maden mermer blok \u00e7e\u015fitleri.","og_url":"https:\/\/karmaden.com\/tr\/blok-mermer\/","og_site_name":"Kar Maden","article_publisher":"https:\/\/www.facebook.com\/kar.maden.56","article_modified_time":"2023-02-07T18:45:40+00:00","twitter_card":"summary_large_image","twitter_misc":{"Tahmini okuma s\u00fcresi":"2 dakika"},"schema":{"@context":"https:\/\/schema.org","@graph":[{"@type":"WebPage","@id":"https:\/\/karmaden.com\/tr\/blok-mermer\/","url":"https:\/\/karmaden.com\/tr\/blok-mermer\/","name":"Blok Mermer &#8211; Kar Maden","isPartOf":{"@id":"https:\/\/karmaden.com\/#website"},"datePublished":"2020-03-25T18:26:00+00:00","dateModified":"2023-02-07T18:45:40+00:00","description":"blok mermer; Antik bir yap\u0131 malzemesi olan mermerin ocaktan yeni \u00e7\u0131kar\u0131lm\u0131\u015f ve i\u015flenmemi\u015f halidir. Kar Maden mermer blok \u00e7e\u015fitleri.","breadcrumb":{"@id":"https:\/\/karmaden.com\/tr\/blok-mermer\/#breadcrumb"},"inLanguage":"tr","potentialAction":[{"@type":"ReadAction","target":["https:\/\/karmaden.com\/tr\/blok-mermer\/"]}]},{"@type":"BreadcrumbList","@id":"https:\/\/karmaden.com\/tr\/blok-mermer\/#breadcrumb","itemListElement":[{"@type":"ListItem","position":1,"name":"Home","item":"https:\/\/karmaden.com\/tr\/"},{"@type":"ListItem","position":2,"name":"Blok Mermer"}]},{"@type":"WebSite","@id":"https:\/\/karmaden.com\/#website","url":"https:\/\/karmaden.com\/","name":"Kar Maden","description":"Marble Slabs, Marble Tiles, Block of Marble","publisher":{"@id":"https:\/\/karmaden.com\/#organization"},"potentialAction":[{"@type":"SearchAction","target":{"@type":"EntryPoint","urlTemplate":"https:\/\/karmaden.com\/?s={search_term_string}"},"query-input":{"@type":"PropertyValueSpecification","valueRequired":true,"valueName":"search_term_string"}}],"inLanguage":"tr"},{"@type":"Organization","@id":"https:\/\/karmaden.com\/#organization","name":"Kar Maden","url":"https:\/\/karmaden.com\/","logo":{"@type":"ImageObject","inLanguage":"tr","@id":"https:\/\/karmaden.com\/#\/schema\/logo\/image\/","url":"","contentUrl":"","caption":"Kar Maden"},"image":{"@id":"https:\/\/karmaden.com\/#\/schema\/logo\/image\/"},"sameAs":["https:\/\/www.facebook.com\/kar.maden.56","https:\/\/www.instagram.com\/kar_maden\/?hl=en","https:\/\/www.linkedin.com\/company\/kar-maden"]}]}},"jetpack_sharing_enabled":false,"jetpack_likes_enabled":false,"jetpack_shortlink":"https:\/\/wp.me\/PbFbLT-13J","_links":{"self":[{"href":"https:\/\/karmaden.com\/tr\/wp-json\/wp\/v2\/pages\/4075","targetHints":{"allow":["GET"]}}],"collection":[{"href":"https:\/\/karmaden.com\/tr\/wp-json\/wp\/v2\/pages"}],"about":[{"href":"https:\/\/karmaden.com\/tr\/wp-json\/wp\/v2\/types\/page"}],"author":[{"embeddable":true,"href":"https:\/\/karmaden.com\/tr\/wp-json\/wp\/v2\/users\/179465590"}],"replies":[{"embeddable":true,"href":"https:\/\/karmaden.com\/tr\/wp-json\/wp\/v2\/comments?post=4075"}],"version-history":[{"count":1,"href":"https:\/\/karmaden.com\/tr\/wp-json\/wp\/v2\/pages\/4075\/revisions"}],"predecessor-version":[{"id":14020,"href":"https:\/\/karmaden.com\/tr\/wp-json\/wp\/v2\/pages\/4075\/revisions\/14020"}],"wp:attachment":[{"href":"https:\/\/karmaden.com\/tr\/wp-json\/wp\/v2\/media?parent=4075"}],"curies":[{"name":"wp","href":"https:\/\/api.w.org\/{rel}","templated":true}]}}